{"id":892,"date":"2026-04-04T11:33:28","date_gmt":"2026-04-04T11:33:28","guid":{"rendered":"https:\/\/ops.gorakalwaria.pl\/?page_id=892"},"modified":"2026-04-04T11:33:28","modified_gmt":"2026-04-04T11:33:28","slug":"ochrona-danych-osobowych","status":"publish","type":"page","link":"https:\/\/ops.gorakalwaria.pl\/ochrona-danych-osobowych\/","title":{"rendered":"Ochrona Danych Osobowych"},"content":{"rendered":"<p>Inspektorem Ochrony Danych Osobowych w O\u015brodku Pomocy Spo\u0142ecznej w G\u00f3rze Kalwaria jest<\/p>\n<p>Pan Robert Wako\u0144, z kt\u00f3rym mo\u017cna si\u0119 kontaktowa\u0107 we wszystkich sprawach zwi\u0105zanych z przetwarzaniem danych osobowych.<\/p>\n<p>Mo\u017cliwe formy kontaktu:<\/p>\n<ul>\n<li>listownie przesy\u0142aj\u0105c korespondencj\u0119 na nasz adres: O\u015brodek Pomocy Spo\u0142ecznej ul. Pijarska 40, 05-530 G\u00f3ra Kalwaria, z dopiskiem \u201eIOD\u201d,<\/li>\n<li>mailowo na adres: <a href=\"mailto:rodo@ops.gorakalwaria.pl\">rodo@ops.gorakalwaria.pl<\/a><\/li>\n<\/ul>\n<\/section>\n<section \n\n","protected":false},"excerpt":{"rendered":"<p>Inspektorem Ochrony Danych Osobowych w O\u015brodku Pomocy Spo\u0142ecznej w G\u00f3rze Kalwaria jest Pan Robert Wako\u0144, z kt\u00f3rym mo\u017cna si\u0119 kontaktowa\u0107 we wszystkich sprawach zwi\u0105zanych z przetwarzaniem danych osobowych. Mo\u017cliwe formy kontaktu: listownie przesy\u0142aj\u0105c korespondencj\u0119 na nasz adres: O\u015brodek Pomocy Spo\u0142ecznej ul. Pijarska 40, 05-530 G\u00f3ra Kalwaria, z dopiskiem \u201eIOD\u201d, mailowo na adres: rodo@ops.gorakalwaria.pl<\/p>\n","protected":false},"author":1,"featured_media":0,"parent":0,"menu_order":0,"comment_status":"closed","ping_status":"closed","template":"","meta":{"footnotes":""},"class_list":["post-892","page","type-page","status-publish","hentry"],"_links":{"self":[{"href":"https:\/\/ops.gorakalwaria.pl\/wp-json\/wp\/v2\/pages\/892","targetHints":{"allow":["GET"]}}],"collection":[{"href":"https:\/\/ops.gorakalwaria.pl\/wp-json\/wp\/v2\/pages"}],"about":[{"href":"https:\/\/ops.gorakalwaria.pl\/wp-json\/wp\/v2\/types\/page"}],"author":[{"embeddable":true,"href":"https:\/\/ops.gorakalwaria.pl\/wp-json\/wp\/v2\/users\/1"}],"replies":[{"embeddable":true,"href":"https:\/\/ops.gorakalwaria.pl\/wp-json\/wp\/v2\/comments?post=892"}],"version-history":[{"count":0,"href":"https:\/\/ops.gorakalwaria.pl\/wp-json\/wp\/v2\/pages\/892\/revisions"}],"wp:attachment":[{"href":"https:\/\/ops.gorakalwaria.pl\/wp-json\/wp\/v2\/media?parent=892"}],"curies":[{"name":"wp","href":"https:\/\/api.w.org\/{rel}","templated":true}]}}