{"id":885,"date":"2026-04-04T11:33:27","date_gmt":"2026-04-04T11:33:27","guid":{"rendered":"https:\/\/ops.gorakalwaria.pl\/?page_id=885"},"modified":"2026-04-04T11:33:27","modified_gmt":"2026-04-04T11:33:27","slug":"jednorazowe-swiadczenie-za-zyciem","status":"publish","type":"page","link":"https:\/\/ops.gorakalwaria.pl\/jednorazowe-swiadczenie-za-zyciem\/","title":{"rendered":"Jednorazowe \u015bwiadczenie \u201eZa \u017cyciem\u201d"},"content":{"rendered":"<p class=\"Standard\"><strong>Jednorazowe \u015bwiadczenie \u201eZa \u017cyciem\u201d<\/strong><\/p>\n<p class=\"Standard\">przys\u0142uguje jednorazowo w wysoko\u015bci 4000 z\u0142 na jedno dziecko bez wzgl\u0119du na doch\u00f3d.<\/p>\n<p class=\"Standard\">Jednorazowe \u015bwiadczenie przys\u0142uguje z tytu\u0142u urodzenia si\u0119 \u017cywego dziecka, u kt\u00f3rego zdiagnozowano ci\u0119\u017ckie i nieodwracalne upo\u015bledzenie albo nieuleczaln\u0105 chorob\u0119 zagra\u017caj\u0105c\u0105 jego \u017cyciu, kt\u00f3re powsta\u0142y w prenatalnym okresie rozwoju dziecka lub w czasie porodu.<\/p>\n<p class=\"Standard\">\u015awiadczenie przys\u0142uguje:<\/p>\n<ul>\n<li>matce lub ojcu dziecka,<\/li>\n<li>opiekunowi prawnemu albo opiekunowi faktycznemu dziecka (oznacza to osob\u0119 faktycznie opiekuj\u0105c\u0105 si\u0119 dzieckiem, je\u017celi wyst\u0105pi\u0142a z wnioskiem do s\u0105du rodzinnego o przysposobienie dziecka).<\/li>\n<\/ul>\n<p class=\"Standard\">Wniosek o wyp\u0142at\u0119 jednorazowego \u015bwiadczenia nale\u017cy z\u0142o\u017cy\u0107 w terminie 12 miesi\u0119cy od dnia narodzin dziecka. Wniosek z\u0142o\u017cony po terminie pozostawia si\u0119 bez rozpoznania.<\/p>\n<p class=\"Standard\">Jednorazowe \u015bwiadczenie przys\u0142uguje, je\u017celi kobieta pozostawa\u0142a pod opiek\u0105 medyczn\u0105 nie p\u00f3\u017aniej ni\u017c od 10. tygodnia ci\u0105\u017cy do porodu (wymogu tego nie stosuje si\u0119 do os\u00f3b b\u0119d\u0105cych prawnymi lub faktycznymi opiekunami dziecka, a tak\u017ce do os\u00f3b, kt\u00f3re przysposobi\u0142y dziecko).<\/p>\n<p class=\"Standard\">\u015awiadczenie \u201eZa \u017cyciem\u201d nie przys\u0142uguje, je\u017celi:<\/p>\n<ul>\n<li>dziecko zosta\u0142o umieszczone w pieczy zast\u0119pczej albo w domu pomocy spo\u0142ecznej zapewniaj\u0105cym nieodp\u0142atnie pe\u0142ne utrzymanie,<\/li>\n<li>je\u017celi na dziecko przys\u0142uguje jednorazowe \u015bwiadczenie lub \u015bwiadczenie o charakterze podobnym do jednorazowego \u015bwiadczenia za granic\u0105, chyba \u017ce przepisy o koordynacji system\u00f3w zabezpieczenia spo\u0142ecznego lub dwustronne umowy o zabezpieczeniu spo\u0142ecznym stanowi\u0105 inaczej.<\/li>\n<\/ul>\n<p class=\"Standard\">Wymagane dokumenty do wniosku:<\/p>\n<ol>\n<li><a href=\"https:\/\/warszawa19115.pl\/documents\/20184\/59433\/PS-01-18+Wz%C3%B3r+za%C5%9Bwiadczenia+wystawionego+przez+lekarza+lub+po%C5%82o%C5%BCn%C4%85\/3b3cc62c-5ce9-4db9-b878-ef28bad2950c\">za\u015bwiadczenie lekarskie lub za\u015bwiadczenie wystawione przez po\u0142o\u017cn\u0105<\/a>, potwierdzaj\u0105ce pozostawanie kobiety pod opiek\u0105 medyczna nie p\u00f3\u017aniej ni\u017c od 10 tygodnia ci\u0105\u017cy do porodu (za\u0142\u0105cznik nr 2, okre\u015bla wz\u00f3r za\u015bwiadczenia),<\/li>\n<li><a href=\"https:\/\/warszawa19115.pl\/documents\/20184\/59433\/PS-01-18+Wz%C3%B3r+za%C5%9Bwiadczenia+wystawionego+przez+lekarza+z+II+stopniem+specjalizacji\/7f2d5b1a-269d-4c43-8dfc-cf01b2fe0236\">za\u015bwiadczenie wystawione przez lekarza ubezpieczenia zdrowotnego<\/a>, w rozumieniu ustawy z 27 sierpnia 2004 r. o \u015bwiadczeniach opieki zdrowotnej finansowanych ze \u015brodk\u00f3w publicznych, posiadaj\u0105cego specjalizacj\u0119 II stopnia lub tytu\u0142 specjalisty w dziedzinie: po\u0142o\u017cnictwa i ginekologii, perinatologii lub neonatologii, neurologii dzieci\u0119cej, kardiologii dzieci\u0119cej lub chirurgii dzieci\u0119cej, potwierdzaj\u0105ce ci\u0119\u017ckie i nieodwracalne upo\u015bledzenie albo nieuleczaln\u0105 chorob\u0119 zagra\u017caj\u0105c\u0105 \u017cyciu, kt\u00f3re powsta\u0142y w prenatalnym okresie rozwoju dziecka lub w czasie porodu (za\u0142\u0105cznik nr 3, okre\u015bla wz\u00f3r za\u015bwiadczenia),<\/li>\n<li>kopi\u0119 odpisu prawomocnego postanowienia s\u0105du orzekaj\u0105cego przysposobienie lub za\u015bwiadczenie s\u0105du lub o\u015brodka adopcyjnego o prowadzonym post\u0119powaniu s\u0105dowym w sprawie o przysposobienie dziecka,<\/li>\n<li>kopi\u0119 orzeczenia s\u0105du o ustaleniu opiekuna prawnego dziecka (orygina\u0142 do wgl\u0105du),<\/li>\n<li>inne dokumenty, w tym o\u015bwiadczenia niezb\u0119dne do ustalenia prawa do jednorazowego \u015bwiadczenia.<\/li>\n<\/ol>\n<p class=\"Standard\"><strong>Terminy:<\/strong><\/p>\n<ul>\n<li>Prawo do jednorazowego \u015bwiadczenia \u201eZa \u017cyciem\u201d ustala si\u0119 od miesi\u0105ca, w kt\u00f3rym wp\u0142yn\u0105\u0142 wniosek z prawid\u0142owo wype\u0142nionymi dokumentami.<\/li>\n<li>Post\u0119powanie w sprawie przyznania \u015bwiadcze\u0144 ko\u0144czy si\u0119 wydaniem decyzji administracyjnej w terminie miesi\u0105ca od daty z\u0142o\u017cenia wniosku i skompletowania dokument\u00f3w. W przypadku konieczno\u015bci przeprowadzenia szczeg\u00f3\u0142owego post\u0119powania wyja\u015bniaj\u0105cego termin za\u0142atwienia sprawy mo\u017ce ulec wyd\u0142u\u017ceniu.<\/li>\n<li>W przypadku z\u0142o\u017cenia nieprawid\u0142owo wype\u0142nionego wniosku podmiot realizuj\u0105cy \u015bwiadczenia wzywa pisemnie osob\u0119 ubiegaj\u0105c\u0105 si\u0119 o \u015bwiadczenia do poprawienia lub uzupe\u0142nienia wniosku w terminie 14 dni od dnia otrzymania wezwania. Niezastosowanie si\u0119 do wezwania skutkuje pozostawieniem wniosku bez rozpatrzenia.<\/li>\n<li>W przypadku gdy osoba z\u0142o\u017cy wniosek bez wymaganych dokument\u00f3w, podmiot realizuj\u0105cy \u015bwiadczenia przyjmuje wniosek i wyznacza termin nie kr\u00f3tszy ni\u017c 14 dni i nie d\u0142u\u017cszy ni\u017c 30 dni na uzupe\u0142nienie brakuj\u0105cych dokument\u00f3w. Niezastosowanie si\u0119 do wezwania skutkuje pozostawieniem wniosku bez rozpatrzenia.<\/li>\n<li>W przypadku gdy przyczyn\u0105 niedostarczenia wymaganego dokumentu przez osob\u0119 sk\u0142adaj\u0105c\u0105 wniosek jest niewydanie dokumentu przez w\u0142a\u015bciw\u0105 instytucj\u0119 w ustawowo okre\u015blonym, w odr\u0119bnych przepisach, terminie oraz osoba mo\u017ce to udokumentowa\u0107 \u015bwiadczenia przys\u0142uguj\u0105 pocz\u0105wszy od miesi\u0105ca, w kt\u00f3rym wniosek zosta\u0142 z\u0142o\u017cony.<\/li>\n<\/ul>\n<\/section>\n<section \n\n","protected":false},"excerpt":{"rendered":"<p>Jednorazowe \u015bwiadczenie \u201eZa \u017cyciem\u201d przys\u0142uguje jednorazowo w wysoko\u015bci 4000 z\u0142 na jedno dziecko bez wzgl\u0119du na doch\u00f3d. Jednorazowe \u015bwiadczenie przys\u0142uguje z tytu\u0142u urodzenia si\u0119 \u017cywego dziecka, u kt\u00f3rego zdiagnozowano ci\u0119\u017ckie i nieodwracalne upo\u015bledzenie albo nieuleczaln\u0105 chorob\u0119 zagra\u017caj\u0105c\u0105 jego \u017cyciu, kt\u00f3re powsta\u0142y w prenatalnym okresie rozwoju dziecka lub w czasie porodu. \u015awiadczenie przys\u0142uguje: matce lub ojcu [&hellip;]<\/p>\n","protected":false},"author":1,"featured_media":0,"parent":0,"menu_order":0,"comment_status":"closed","ping_status":"closed","template":"","meta":{"footnotes":""},"class_list":["post-885","page","type-page","status-publish","hentry"],"_links":{"self":[{"href":"https:\/\/ops.gorakalwaria.pl\/wp-json\/wp\/v2\/pages\/885","targetHints":{"allow":["GET"]}}],"collection":[{"href":"https:\/\/ops.gorakalwaria.pl\/wp-json\/wp\/v2\/pages"}],"about":[{"href":"https:\/\/ops.gorakalwaria.pl\/wp-json\/wp\/v2\/types\/page"}],"author":[{"embeddable":true,"href":"https:\/\/ops.gorakalwaria.pl\/wp-json\/wp\/v2\/users\/1"}],"replies":[{"embeddable":true,"href":"https:\/\/ops.gorakalwaria.pl\/wp-json\/wp\/v2\/comments?post=885"}],"version-history":[{"count":0,"href":"https:\/\/ops.gorakalwaria.pl\/wp-json\/wp\/v2\/pages\/885\/revisions"}],"wp:attachment":[{"href":"https:\/\/ops.gorakalwaria.pl\/wp-json\/wp\/v2\/media?parent=885"}],"curies":[{"name":"wp","href":"https:\/\/api.w.org\/{rel}","templated":true}]}}