{"id":884,"date":"2026-04-04T11:33:27","date_gmt":"2026-04-04T11:33:27","guid":{"rendered":"https:\/\/ops.gorakalwaria.pl\/?page_id=884"},"modified":"2026-04-04T11:33:27","modified_gmt":"2026-04-04T11:33:27","slug":"swiadczenie-pielegnacyjne","status":"publish","type":"page","link":"https:\/\/ops.gorakalwaria.pl\/swiadczenie-pielegnacyjne\/","title":{"rendered":"\u015awiadczenie piel\u0119gnacyjne"},"content":{"rendered":"<p class=\"Standard\"><strong>\u015awiadczenie piel\u0119gnacyjne.<\/strong><\/p>\n<p class=\"Standard\">Wysoko\u015b\u0107 \u015bwiadczenia piel\u0119gnacyjnego jest waloryzowana o procentowy wska\u017anik, o jaki zwi\u0119ksza si\u0119 minimalne wynagrodzenie za prac\u0119.<\/p>\n<p class=\"Standard\">\u015awiadczenie piel\u0119gnacyjne z tytu\u0142u rezygnacji z zatrudnienia lub innej pracy zarobkowej przys\u0142uguje:<\/p>\n<ul>\n<li>matce albo ojcu lub<\/li>\n<li>opiekunowi faktycznemu dziecka,<\/li>\n<li>osobie b\u0119d\u0105cej rodzin\u0105 zast\u0119pcz\u0105 spokrewnion\u0105,<\/li>\n<li>innym osobom, na kt\u00f3rych zgodnie z przepisami ustawy z dnia 25 lutego 1964 r. &#8211; Kodeks rodzinny i opieku\u0144czy \u2013 ci\u0105\u017cy obowi\u0105zek alimentacyjny, z wyj\u0105tkiem os\u00f3b o znacznym stopniu niepe\u0142nosprawno\u015bci.<\/li>\n<\/ul>\n<p class=\"Standard\">Je\u017celi nie podejmuj\u0105 lub rezygnuj\u0105 z zatrudnienia lub innej pracy zarobkowej w celu sprawowania opieki nad osob\u0105 legitymuj\u0105c\u0105 si\u0119 orzeczeniem o znacznym stopniu niepe\u0142nosprawno\u015bci albo orzeczeniem o niepe\u0142nosprawno\u015bci \u0142\u0105cznie ze wskazaniami: konieczno\u015bci sta\u0142ej lub d\u0142ugotrwa\u0142ej opieki lub pomocy innej osoby w zwi\u0105zku ze znacznie ograniczon\u0105 mo\u017cliwo\u015bci\u0105 samodzielnej egzystencji oraz konieczno\u015bci sta\u0142ego wsp\u00f3\u0142udzia\u0142u na co dzie\u0144 opiekuna dziecka w procesie jego leczenia, rehabilitacji i edukacji.<\/p>\n<ul>\n<li>osobom innym ni\u017c spokrewnione w pierwszym stopniu z osob\u0105 wymagaj\u0105ca opieki, na kt\u00f3rych ci\u0105\u017cy obowi\u0105zek alimentacyjny, \u015bwiadczenie piel\u0119gnacyjne przys\u0142uguje, w przypadku gdy spe\u0142nione s\u0105 \u0142\u0105cznie nast\u0119puj\u0105ce warunki: rodzice osoby wymagaj\u0105cej opieki nie \u017cyj\u0105, zostali pozbawieni praw rodzicielskich, s\u0105 ma\u0142oletni lub legitymuj\u0105 si\u0119 orzeczeniem o znacznym stopniu niepe\u0142nosprawno\u015bci, nie ma innych os\u00f3b spokrewnionych w pierwszym stopniu, s\u0105 ma\u0142oletni lub  legitymuj\u0105 si\u0119 orzeczeniem o znacznym stopniu niepe\u0142nosprawno\u015bci, nie ma os\u00f3b, o kt\u00f3rych mowa w pkt 6 lit. b i c, lub legitymuj\u0105 si\u0119 orzeczeniem o znacznym stopniu niepe\u0142nosprawno\u015bci.<\/li>\n<\/ul>\n<p class=\"Standard\">\u015awiadczenie piel\u0119gnacyjne przys\u0142uguje, je\u017celi niepe\u0142nosprawno\u015b\u0107 osoby wymagaj\u0105cej opieki powsta\u0142a:<\/p>\n<ul>\n<li>nie p\u00f3\u017aniej ni\u017c do uko\u0144czenia 18. roku \u017cycia lub<\/li>\n<li>w trakcie nauki w szkole lub szkole wy\u017cszej, jednak nie p\u00f3\u017aniej ni\u017c do uko\u0144czenia 25. roku \u017cycia.<\/li>\n<\/ul>\n<p class=\"Standard\">\u015awiadczenie piel\u0119gnacyjne nie przys\u0142uguje, je\u017celi:<\/p>\n<p class=\"Standard\">1. osoba sprawuj\u0105ca opiek\u0119: <\/p>\n<ul>\n<li>ma ustalone prawo do emerytury, renty, renty rodzinnej z tytu\u0142u \u015bmierci ma\u0142\u017conka przyznanej w przypadku zbiegu prawa do renty rodzinnej i innego \u015bwiadczenia emerytalno-rentowego, renty socjalnej, zasi\u0142ku sta\u0142ego, nauczycielskiego \u015bwiadczenia kompensacyjnego, zasi\u0142ku przedemerytalnego lub \u015bwiadczenia przedemerytalnego;  <\/li>\n<li>ma ustalone prawo do specjalnego zasi\u0142ku opieku\u0144czego lub \u015bwiadczenia piel\u0119gnacyjnego, <\/li>\n<\/ul>\n<p>2. osoba wymagaj\u0105ca opieki:<\/p>\n<ul>\n<li>pozostaje w zwi\u0105zku ma\u0142\u017ce\u0144skim, chyba, \u017ce wsp\u00f3\u0142ma\u0142\u017conek legitymuje si\u0119 orzeczeniem o znacznym stopniu niepe\u0142nosprawno\u015bci,<\/li>\n<li>zosta\u0142a umieszczona w rodzinie zast\u0119pczej, z wyj\u0105tkiem rodziny zast\u0119pczej spokrewnionej, rodzinnym domu dziecka albo w zwi\u0105zku z konieczno\u015bci\u0105 kszta\u0142cenia, rewalidacji lub rehabilitacji w plac\u00f3wce zapewniaj\u0105cej ca\u0142odobow\u0105 opiek\u0119, w tym w specjalnym o\u015brodku szkolno-wychowawczym, z wyj\u0105tkiem podmiotu wykonuj\u0105cego dzia\u0142alno\u015b\u0107 lecznicz\u0105, i korzysta w niej z ca\u0142odobowej opieki przez wi\u0119cej ni\u017c 5 dni w tygodniu, <\/li>\n<li>na osob\u0119 wymagaj\u0105c\u0105 opieki inna osoba ma ustalone prawo do wcze\u015bniejszej emerytury,<\/li>\n<li>na osob\u0119 wymagaj\u0105c\u0105 opieki jest ustalone prawo do dodatku do zasi\u0142ku rodzinnego, o kt\u00f3rym mowa w art. 10 (tzn. dodatek z tytu\u0142u opieki nad dzieckiem w okresie korzystania z urlopu wychowawczego), prawo do specjalnego zasi\u0142ku opieku\u0144czego lub \u015bwiadczenia  piel\u0119gnacyjnego, &#8211; na osob\u0119 wymagaj\u0105c\u0105 opieki inna osoba jest uprawniona za granic\u0105 do \u015bwiadczenia na pokrycie wydatk\u00f3w zwi\u0105zanych z opiek\u0105, chyba \u017ce przepisy o koordynacji system\u00f3w zabezpieczenia spo\u0142ecznego lub dwustronne umowy o zabezpieczeniu spo\u0142ecznym stanowi\u0105 inaczej.<\/li>\n<\/ul>\n<p class=\"Standard\">Je\u017celi w stosunku do osoby ubiegaj\u0105cej si\u0119 o \u015bwiadczenie piel\u0119gnacyjne lub osoby pobieraj\u0105cej to \u015bwiadczenia wyst\u0105pi\u0105 w\u0105tpliwo\u015bci dotycz\u0105ce jej uprawnie\u0144 do \u015bwiadczenia piel\u0119gnacyjnego, organ w\u0142a\u015bciwy mo\u017ce zwr\u00f3ci\u0107 si\u0119 do dyrektora o\u015brodka pomocy spo\u0142ecznej o przeprowadzenie rodzinnego wywiadu \u015brodowiskowego, o kt\u00f3rym mowa w ustawie z dnia 12 marca 2004 r. o pomocy spo\u0142ecznej w celu weryfikacji okoliczno\u015bci uprawniaj\u0105cych do \u015bwiadczenia piel\u0119gnacyjnego.<\/p>\n<p class=\"Standard\">W przypadku zbiegu uprawnie\u0144 do \u015bwiadczenia piel\u0119gnacyjnego lub specjalnego zasi\u0142ku opieku\u0144czego lub zasi\u0142ku dla opiekuna, o kt\u00f3rym mowa w ustawie z dnia 4 kwietnia 2014 r. o ustaleniu i wyp\u0142acie zasi\u0142k\u00f3w dla opiekun\u00f3w przys\u0142uguj\u0105cego wi\u0119cej ni\u017c jednej osobie sprawuj\u0105cej opiek\u0119 nad osob\u0105 lub osobami wymagaj\u0105cymi opieki wyp\u0142aca si\u0119 tylko jedno \u015bwiadczenie osobie, kt\u00f3ra pierwsza z\u0142o\u017cy\u0142a wniosek. W przypadku zbiegu uprawnie\u0144 do \u015bwiadczenia rodzicielskiego lub \u015bwiadczenia piel\u0119gnacyjnego lub specjalnego zasi\u0142ku opieku\u0144czego lub  dodatku do zasi\u0142ku rodzinnego z tytu\u0142u opieki nad dzieckiem w okresie korzystania  z urlopu wychowawczego lub zasi\u0142ku dla opiekuna, o kt\u00f3rym mowa w ustawie z dnia 4 kwietnia 2014 r. o ustaleniu i wyp\u0142acie zasi\u0142k\u00f3w dla opiekun\u00f3w \u2013 przys\u0142uguje jedno z tych \u015bwiadcze\u0144 wybrane przez osob\u0119 uprawnion\u0105 &#8211; tak\u017ce w przypadku gdy \u015bwiadczenia te przys\u0142uguj\u0105 w zwi\u0105zku z opiek\u0105 nad r\u00f3\u017cnymi osobami.<\/p>\n<p class=\"Standard\">Zarejestrowanie w powiatowym urz\u0119dzie pracy jako osoba poszukuj\u0105ca pracy lub posiadanie statusu bezrobotnego nie ma wp\u0142ywu na uprawnienie do \u015bwiadczenia piel\u0119gnacyjnego.<\/p>\n<p class=\"Standard\">W przypadku wyst\u0105pienia zmian w liczbie cz\u0142onk\u00f3w rodziny, uzyskania dochodu, wyjazdu osoby uprawnionej lub cz\u0142onka rodziny poza granic\u0119 RP lub innych zmian maj\u0105cych wp\u0142yw na prawo do \u015bwiadczenia piel\u0119gnacyjnego wnioskodawca jest obowi\u0105zany do niezw\u0142ocznego powiadomienia o tym Urz\u0119du wyp\u0142acaj\u0105cego \u015bwiadczenie.<\/p>\n<p class=\"Standard\">Do wniosku o ustalenie prawa do \u015bwiadczenia piel\u0119gnacyjnego nale\u017cy do\u0142\u0105czy\u0107: <a href=\"https:\/\/warszawa19115.pl\/documents\/20184\/48058\/PS-01-10+Za%C5%9Bwiadczenie+plac%C3%B3wki+zapewniaj%C4%85cej+ca%C5%82odobow%C4%85+opiek%C4%99\/7dee595f-a618-4e99-b8bc-9023c432cc57\">za\u015bwiadczenie plac\u00f3wki zapewniaj\u0105cej ca\u0142odobow\u0105 opiek\u0119<\/a>, w przypadku umieszczenia w niej dziecka, o liczbie dni w tygodniu, w kt\u00f3rych korzysta w niej z ca\u0142odobowej opieki, albo o\u015bwiadczenie o nieskorzystaniu przez wi\u0119cej ni\u017c 5 dni w tygodniu z ca\u0142odobowej opieki nad dzieckiem umieszczonym w plac\u00f3wce zapewniaj\u0105cej ca\u0142odobow\u0105 opiek\u0119, w tym specjalnym o\u015brodku szkolno-wychowawczym, inne dokumenty, w tym o\u015bwiadczenia, niezb\u0119dne do ustalenia prawa do \u015bwiadczenia piel\u0119gnacyjnego.<\/p>\n<\/section>\n<section \n\n","protected":false},"excerpt":{"rendered":"<p>\u015awiadczenie piel\u0119gnacyjne. Wysoko\u015b\u0107 \u015bwiadczenia piel\u0119gnacyjnego jest waloryzowana o procentowy wska\u017anik, o jaki zwi\u0119ksza si\u0119 minimalne wynagrodzenie za prac\u0119. \u015awiadczenie piel\u0119gnacyjne z tytu\u0142u rezygnacji z zatrudnienia lub innej pracy zarobkowej przys\u0142uguje: matce albo ojcu lub opiekunowi faktycznemu dziecka, osobie b\u0119d\u0105cej rodzin\u0105 zast\u0119pcz\u0105 spokrewnion\u0105, innym osobom, na kt\u00f3rych zgodnie z przepisami ustawy z dnia 25 lutego 1964 [&hellip;]<\/p>\n","protected":false},"author":1,"featured_media":0,"parent":0,"menu_order":0,"comment_status":"closed","ping_status":"closed","template":"","meta":{"footnotes":""},"class_list":["post-884","page","type-page","status-publish","hentry"],"_links":{"self":[{"href":"https:\/\/ops.gorakalwaria.pl\/wp-json\/wp\/v2\/pages\/884","targetHints":{"allow":["GET"]}}],"collection":[{"href":"https:\/\/ops.gorakalwaria.pl\/wp-json\/wp\/v2\/pages"}],"about":[{"href":"https:\/\/ops.gorakalwaria.pl\/wp-json\/wp\/v2\/types\/page"}],"author":[{"embeddable":true,"href":"https:\/\/ops.gorakalwaria.pl\/wp-json\/wp\/v2\/users\/1"}],"replies":[{"embeddable":true,"href":"https:\/\/ops.gorakalwaria.pl\/wp-json\/wp\/v2\/comments?post=884"}],"version-history":[{"count":0,"href":"https:\/\/ops.gorakalwaria.pl\/wp-json\/wp\/v2\/pages\/884\/revisions"}],"wp:attachment":[{"href":"https:\/\/ops.gorakalwaria.pl\/wp-json\/wp\/v2\/media?parent=884"}],"curies":[{"name":"wp","href":"https:\/\/api.w.org\/{rel}","templated":true}]}}