{"id":883,"date":"2026-04-04T11:33:27","date_gmt":"2026-04-04T11:33:27","guid":{"rendered":"https:\/\/ops.gorakalwaria.pl\/?page_id=883"},"modified":"2026-04-04T11:33:27","modified_gmt":"2026-04-04T11:33:27","slug":"swiadczenie-rodzicielskie","status":"publish","type":"page","link":"https:\/\/ops.gorakalwaria.pl\/swiadczenie-rodzicielskie\/","title":{"rendered":"\u015awiadczenie rodzicielskie"},"content":{"rendered":"<p><strong>\u015awiadczenie rodzicielskie<\/strong><\/p>\n<p>\u015awiadczenie rodzicielskie przys\u0142uguje:<\/p>\n<ol style=\"list-style-type: lower-alpha;\">\n<li>matce albo ojcu dziecka,<\/li>\n<li>opiekunowi faktycznemu dziecka w przypadku obj\u0119cia opiek\u0105 dziecka w wieku do uko\u0144czenia 7. roku \u017cycia, a w przypadku dziecka, wobec kt\u00f3rego podj\u0119to decyzj\u0119 o odroczeniu obowi\u0105zku szkolnego &#8211; do uko\u0144czenia 10. roku \u017cycia,<\/li>\n<li>rodzinie zast\u0119pczej, z wyj\u0105tkiem rodziny zast\u0119pczej zawodowej, w przypadku obj\u0119cia opiek\u0105 dziecka w wieku do uko\u0144czenia 7. roku \u017cycia, a w przypadku dziecka, wobec kt\u00f3rego podj\u0119to decyzj\u0119 o odroczeniu obowi\u0105zku szkolnego &#8211; do uko\u0144czenia 10. roku \u017cycia,<\/li>\n<li>osobie, kt\u00f3ra przysposobi\u0142a dziecko, w przypadku obj\u0119cia opiek\u0105 dziecka w wieku do uko\u0144czenia 7. roku \u017cycia, a w przypadku dziecka, wobec kt\u00f3rego podj\u0119to decyzj\u0119 o odroczeniu obowi\u0105zku szkolnego &#8211; do uko\u0144czenia 10. roku \u017cycia.<\/li>\n<\/ol>\n<p>\u015awiadczenie rodzicielskie przys\u0142uguje ojcu dziecka w przypadku:<\/p>\n<ol style=\"list-style-type: lower-alpha;\">\n<li>skr\u00f3cenia okresu pobierania \u015bwiadczenia rodzicielskiego na wniosek matki dziecka po wykorzystaniu przez ni\u0105 tego \u015bwiadczenia za okres co najmniej 14 tygodni od dnia urodzenia dziecka;<\/li>\n<li>\u015bmierci matki dziecka;<\/li>\n<li>porzucenia dziecka przez matk\u0119.<\/li>\n<\/ol>\n<p>\u015awiadczenie rodzicielskie przys\u0142uguje przez okres:<\/p>\n<ol style=\"list-style-type: lower-alpha;\">\n<li>52 tygodni &#8211; w przypadku urodzenia jednego dziecka przy jednym porodzie, przysposobienia jednego dziecka lub obj\u0119cia opiek\u0105 jednego dziecka;<\/li>\n<li>65 tygodni &#8211; w przypadku urodzenia dwojga dzieci przy jednym porodzie, przysposobienia dwojga dzieci lub obj\u0119cia opiek\u0105 dwojga dzieci;<\/li>\n<li>67 tygodni &#8211; w przypadku urodzenia trojga dzieci przy jednym porodzie, przysposobienia trojga dzieci lub obj\u0119cia opiek\u0105 trojga dzieci;<\/li>\n<li>69 tygodni &#8211; w przypadku urodzenia czworga dzieci przy jednym porodzie, przysposobienia czworga dzieci lub obj\u0119cia opiek\u0105 czworga dzieci;<\/li>\n<li>71 tygodni &#8211; w przypadku urodzenia pi\u0119ciorga i wi\u0119cej dzieci przy jednym porodzie, przysposobienia pi\u0119ciorga i wi\u0119cej dzieci lub obj\u0119cia opiek\u0105 pi\u0119ciorga i wi\u0119cej dzieci.<\/li>\n<\/ol>\n<p>\u015awiadczenie rodzicielskie przys\u0142uguje od dnia:<\/p>\n<ol style=\"list-style-type: lower-alpha;\">\n<li>porodu &#8211; w przypadku matki lub ojca dziecka;<\/li>\n<li>obj\u0119cia dziecka opiek\u0105, nie d\u0142u\u017cej ni\u017c do uko\u0144czenia przez dziecko 7. roku \u017cycia, a w przypadku dziecka, wobec kt\u00f3rego podj\u0119to decyzj\u0119 o odroczeniu obowi\u0105zku szkolnego, nie d\u0142u\u017cej ni\u017c do uko\u0144czenia przez nie 10. roku \u017cycia &#8211; w przypadku opiekuna faktycznego dziecka lub rodziny zast\u0119pczej niezawodowej;<\/li>\n<li>przysposobienia dziecka, nie d\u0142u\u017cej ni\u017c do uko\u0144czenia przez dziecko 7. roku \u017cycia, a w przypadku dziecka, wobec kt\u00f3rego podj\u0119to decyzj\u0119 o odroczeniu obowi\u0105zku szkolnego, nie d\u0142u\u017cej ni\u017c douko\u0144czenia przez nie 10. roku \u017cycia &#8211; w przypadku osoby przysposabiaj\u0105cej dziecko,<\/li>\n<\/ol>\n<p>&#8211; je\u017celi wniosek o ustalenie prawa do \u015bwiadczenia rodzicielskiego zostanie z\u0142o\u017cony w terminie 3 miesi\u0119cy od dnia porodu, przysposobienia lub obj\u0119cia opiek\u0105 dziecka. W przypadku, gdy wniosek zostanie z\u0142o\u017cony po tym terminie, nie p\u00f3\u017aniej ni\u017c w okresach wymienionych w pkt. 3, prawo do \u015bwiadczenia ustala si\u0119 pocz\u0105wszy od miesi\u0105ca, w kt\u00f3rym wp\u0142yn\u0105\u0142 wniosek.<\/p>\n<p>\u015awiadczenie rodzicielskie przys\u0142uguje w wysoko\u015bci 1000 z\u0142 miesi\u0119cznie.<\/p>\n<p>W razie urodzenia dziecka przez kobiet\u0119 pobieraj\u0105c\u0105 zasi\u0142ek dla bezrobotnych w okresie, o kt\u00f3rym mowa w art. 73 ust. 1 ustawy z 20 kwietnia 2004 r. o promocji zatrudnienia i instytucjach rynku pracy, lub w ci\u0105gu miesi\u0105ca po jego zako\u0144czeniu, lub w okresie przed\u0142u\u017cenia zasi\u0142ku dla bezrobotnych na podstawie art. 73 ust. 3 tej ustawy, \u015bwiadczenie rodzicielskie przys\u0142uguje jednemu z rodzic\u00f3w w wysoko\u015bci r\u00f3\u017cnicy mi\u0119dzy kwot\u0105 \u015bwiadczenia rodzicielskiego, a kwot\u0105 pobieranego przez kobiet\u0119 zasi\u0142ku dla bezrobotnych<br \/>pomniejszonego o zaliczk\u0119 na podatek dochodowy od os\u00f3b fizycznych.<\/p>\n<p>Osobie uprawnionej do \u015bwiadczenia rodzicielskiego przys\u0142uguje:<\/p>\n<ol style=\"list-style-type: lower-alpha;\">\n<li>w tym samym czasie jedno \u015bwiadczenie rodzicielskie bez wzgl\u0119du na liczb\u0119 wychowywanych dzieci;<\/li>\n<li>jedno \u015bwiadczenie rodzicielskie w zwi\u0105zku z wychowywaniem tego samego dziecka.<\/li>\n<\/ol>\n<p>\u015awiadczenie rodzicielskie nie przys\u0142uguje, je\u017celi:<\/p>\n<ol style=\"list-style-type: lower-alpha;\">\n<li>co najmniej jeden z rodzic\u00f3w dziecka lub opiekun faktyczny dziecka lub rodzina zast\u0119pczaniezawodowa, otrzymuj\u0105 zasi\u0142ek macierzy\u0144ski lub uposa\u017cenie za okres ustalony przepisami Kodeksu pracy jako okres urlopu macierzy\u0144skiego, okres urlopu na warunkach urlopu macierzy\u0144skiego lub okres urlopu rodzicielskiego;<\/li>\n<li>dziecko zosta\u0142o umieszczone w pieczy zast\u0119pczej &#8211; w przypadku rodzic\u00f3w dziecka lub osoby, kt\u00f3ra przysposobi\u0142a dziecko;<\/li>\n<li>jeden z rodzic\u00f3w dziecka lub opiekun faktyczny dziecka lub rodzina zast\u0119pcza niezawodowa, nie sprawuj\u0105 lub zaprzestali sprawowania osobistej opieki nad dzieckiem, w tym w zwi\u0105zku z zatrudnieniem lub wykonywaniem innej pracy zarobkowej, kt\u00f3re uniemo\u017cliwiaj\u0105 sprawowanie tej opieki;<\/li>\n<li>w zwi\u0105zku z wychowywaniem tego samego dziecka lub w zwi\u0105zku z opiek\u0105 nad tym samym dzieckiem jest ju\u017c ustalone prawo do \u015bwiadczenia rodzicielskiego, dodatku do zasi\u0142ku rodzinnego z tytu\u0142u opieki nad dzieckiem w okresie korzystania z urlopu wychowawczego, \u015bwiadczenia piel\u0119gnacyjnego, specjalnego zasi\u0142ku opieku\u0144czego lub zasi\u0142ku dla opiekuna, o kt\u00f3rym mowa w ustawie z 4 kwietnia 2014 r. o ustaleniu i wyp\u0142acie zasi\u0142k\u00f3w dla opiekun\u00f3w;<\/li>\n<li>osobie ubiegaj\u0105cej si\u0119 o \u015bwiadczenie rodzicielskie przys\u0142uguje za granic\u0105 \u015bwiadczenie o podobnym charakterze do \u015bwiadczenia rodzicielskiego, chyba \u017ce przepisy o koordynacji system\u00f3w zabezpieczenia spo\u0142ecznego lub dwustronne umowy o zabezpieczeniu spo\u0142ecznym stanowi\u0105 inaczej.<\/li>\n<\/ol>\n<p>W przypadku zbiegu uprawnie\u0144 do \u015bwiadczenia rodzicielskiego lub \u015bwiadczenia piel\u0119gnacyjnego, lub specjalnego zasi\u0142ku opieku\u0144czego, lub dodatku do zasi\u0142ku rodzinnego, z tytu\u0142u opieki nad dzieckiem w okresie korzystania z urlopu wychowawczego, lub zasi\u0142ku dla opiekuna, o kt\u00f3rym mowa w ustawie z 4 kwietnia 2014 r. o ustaleniu i wyp\u0142acie zasi\u0142k\u00f3w dla opiekun\u00f3w &#8211; przys\u0142uguje jedno z tych \u015bwiadcze\u0144 wybrane przez osob\u0119 uprawnion\u0105 &#8211; tak\u017ce w przypadku gdy \u015bwiadczenia te przys\u0142uguj\u0105 w zwi\u0105zku z opiek\u0105 nad r\u00f3\u017cnymi osobami. Kwot\u0119 \u015bwiadczenia rodzicielskiego przys\u0142uguj\u0105c\u0105 za niepe\u0142ny miesi\u0105c ustala si\u0119, dziel\u0105c kwot\u0119 \u015bwiadczenia przez liczb\u0119 wszystkich dni kalendarzowych w tym miesi\u0105cu, a otrzyman\u0105 kwot\u0119 mno\u017cy si\u0119 przez liczb\u0119 dni kalendarzowych, za kt\u00f3re \u015bwiadczenie przys\u0142uguje. Kwot\u0119 \u015bwiadczenia przys\u0142uguj\u0105c\u0105 za niepe\u0142ny miesi\u0105c zaokr\u0105gla si\u0119 do 10 groszy w g\u00f3r\u0119.<br \/>W przypadku wyst\u0105pienia zmian w liczbie cz\u0142onk\u00f3w rodziny, uzyskania dochodu, wyjazdu osoby uprawnionej lub cz\u0142onka rodziny poza granic\u0119 RP lub innych zmian maj\u0105cych wp\u0142yw na prawo do \u015bwiadczenia rodzicielskiego wnioskodawca jest obowi\u0105zany do niezw\u0142ocznego powiadomienia o tym Urz\u0119du wyp\u0142acaj\u0105cego \u015bwiadczenie.<\/p>\n<p>Do wniosku o ustalenie prawa do \u015bwiadczenia rodzicielskiego nale\u017cy do\u0142\u0105czy\u0107 odpowiednio:<\/p>\n<ol style=\"list-style-type: lower-alpha;\">\n<li>kopi\u0119 odpisu prawomocne orzeczenie s\u0105du rodzinnego stwierdzaj\u0105ce przysposobienie lub za\u015bwiadczenie s\u0105du rodzinnego lub o\u015brodka adopcyjnego o prowadzonym post\u0119powaniu s\u0105dowym w sprawie o przysposobienie dziecka,<\/li>\n<li>kopi\u0119 orzeczenia s\u0105du o ustaleniu opiekuna prawnego dziecka, <\/li>\n<li>inne dokumenty, w tym o\u015bwiadczenia niezb\u0119dne do ustalenia prawa do \u015bwiadczenia rodzicielskiego.<\/li>\n<\/ol>\n<\/section>\n<section \n\n","protected":false},"excerpt":{"rendered":"<p>\u015awiadczenie rodzicielskie \u015awiadczenie rodzicielskie przys\u0142uguje: matce albo ojcu dziecka, opiekunowi faktycznemu dziecka w przypadku obj\u0119cia opiek\u0105 dziecka w wieku do uko\u0144czenia 7. roku \u017cycia, a w przypadku dziecka, wobec kt\u00f3rego podj\u0119to decyzj\u0119 o odroczeniu obowi\u0105zku szkolnego &#8211; do uko\u0144czenia 10. roku \u017cycia, rodzinie zast\u0119pczej, z wyj\u0105tkiem rodziny zast\u0119pczej zawodowej, w przypadku obj\u0119cia opiek\u0105 dziecka w [&hellip;]<\/p>\n","protected":false},"author":1,"featured_media":0,"parent":0,"menu_order":0,"comment_status":"closed","ping_status":"closed","template":"","meta":{"footnotes":""},"class_list":["post-883","page","type-page","status-publish","hentry"],"_links":{"self":[{"href":"https:\/\/ops.gorakalwaria.pl\/wp-json\/wp\/v2\/pages\/883","targetHints":{"allow":["GET"]}}],"collection":[{"href":"https:\/\/ops.gorakalwaria.pl\/wp-json\/wp\/v2\/pages"}],"about":[{"href":"https:\/\/ops.gorakalwaria.pl\/wp-json\/wp\/v2\/types\/page"}],"author":[{"embeddable":true,"href":"https:\/\/ops.gorakalwaria.pl\/wp-json\/wp\/v2\/users\/1"}],"replies":[{"embeddable":true,"href":"https:\/\/ops.gorakalwaria.pl\/wp-json\/wp\/v2\/comments?post=883"}],"version-history":[{"count":0,"href":"https:\/\/ops.gorakalwaria.pl\/wp-json\/wp\/v2\/pages\/883\/revisions"}],"wp:attachment":[{"href":"https:\/\/ops.gorakalwaria.pl\/wp-json\/wp\/v2\/media?parent=883"}],"curies":[{"name":"wp","href":"https:\/\/api.w.org\/{rel}","templated":true}]}}