{"id":881,"date":"2026-04-04T11:33:26","date_gmt":"2026-04-04T11:33:26","guid":{"rendered":"https:\/\/ops.gorakalwaria.pl\/?page_id=881"},"modified":"2026-04-04T11:33:26","modified_gmt":"2026-04-04T11:33:26","slug":"specjalny-zasilek-opiekunczy","status":"publish","type":"page","link":"https:\/\/ops.gorakalwaria.pl\/specjalny-zasilek-opiekunczy\/","title":{"rendered":"Specjalny zasi\u0142ek opieku\u0144czy"},"content":{"rendered":"<p><strong>Specjalny zasi\u0142ek opieku\u0144czy<\/strong><\/p>\n<p><strong><\/strong><br \/>Przyznanie prawa do specjalnego zasi\u0142ku opieku\u0144czego jest uzale\u017cnione od kryterium dochodowego,<br \/>przys\u0142uguje, je\u017celi \u0142\u0105czny doch\u00f3d rodziny osoby sprawuj\u0105cej opiek\u0119 oraz rodziny osoby wymagaj\u0105cej<br \/>opieki w przeliczeniu na osob\u0119 nie przekracza miesi\u0119cznie kwoty 764,00 z\u0142\/os. Specjalny zasi\u0142ek<br \/>opieku\u0144czy przys\u0142uguje w wysoko\u015bci 620 z\u0142 miesi\u0119cznie.<br \/>Specjalny zasi\u0142ek opieku\u0144czy przys\u0142uguje osobom, na kt\u00f3rych zgodnie z przepisami ustawy z dnia 25<br \/>lutego 1964 r. \u2013 Kodeks rodzinny i opieku\u0144czy ci\u0105\u017cy obowi\u0105zek alimentacyjny, a tak\u017ce ma\u0142\u017conkom, je\u017celi:<br \/>&#8211; nie podejmuj\u0105 zatrudnienia lub innej pracy zarobkowej lub<br \/>&#8211; rezygnuj\u0105 z zatrudnienia lub innej pracy zarobkowej w celu sprawowania sta\u0142ej opieki nad osob\u0105<br \/>legitymuj\u0105c\u0105 si\u0119 orzeczeniem o znacznym stopniu niepe\u0142nosprawno\u015bci albo orzeczeniem o<br \/>niepe\u0142nosprawno\u015bci \u0142\u0105cznie ze wskazaniami konieczno\u015bci sta\u0142ej lub d\u0142ugotrwa\u0142ej opieki lub pomocy innej<br \/>osoby w zwi\u0105zku ze znacznie ograniczon\u0105 mo\u017cliwo\u015bci\u0105 samodzielnej egzystencji oraz konieczno\u015bci<br \/>sta\u0142ego wsp\u00f3\u0142udzia\u0142u na co dzie\u0144 opiekuna dziecka w procesie jego leczenia, rehabilitacji i edukacji.<br \/>Ustalaj\u0105c prawo do specjalnego zasi\u0142ku opieku\u0144czego, organ w\u0142a\u015bciwy zwraca si\u0119 do o\u015brodka pomocy<br \/>spo\u0142ecznej o przeprowadzenie wywiadu \u015brodowiskowego, w celu weryfikacji okoliczno\u015bci dotycz\u0105cych<br \/>spe\u0142niania warunk\u00f3w ustawowych.<br \/>Specjalny zasi\u0142ek opieku\u0144czy nie przys\u0142uguje, je\u017celi:<br \/>1. osoba sprawuj\u0105ca opiek\u0119:<br \/>&#8211; ma ustalone prawo do emerytury, renty, renty rodzinnej z tytu\u0142u \u015bmierci ma\u0142\u017conka przyznanej w<br \/>przypadku zbiegu prawa do renty rodzinnej i innego \u015bwiadczenia emerytalno-rentowego, renty socjalnej,<br \/>zasi\u0142ku sta\u0142ego, nauczycielskiego \u015bwiadczenia kompensacyjnego, zasi\u0142ku przedemerytalnego lub<br \/>\u015bwiadczenia przedemerytalnego;<br \/>&#8211; ma ustalone prawo do specjalnego zasi\u0142ku opieku\u0144czego, \u015bwiadczenia piel\u0119gnacyjnego lub zasi\u0142ku dla<br \/>opiekuna, o kt\u00f3rym mowa w ustawie z 4 kwietnia 2014 r. o ustaleniu i wyp\u0142acie zasi\u0142k\u00f3w dla<br \/>opiekun\u00f3w;<br \/>&#8211; legitymuje si\u0119 orzeczeniem o znacznym stopniu niepe\u0142nosprawno\u015bci.<br \/>2. osoba wymagaj\u0105ca opieki:<br \/>&#8211; zosta\u0142a umieszczona w rodzinie zast\u0119pczej, z wyj\u0105tkiem rodziny zast\u0119pczej spokrewnionej, w<br \/>rodzinnym domu dziecka albo, w zwi\u0105zku z konieczno\u015bci\u0105 kszta\u0142cenia, rewalidacji lub rehabilitacji, w<br \/>plac\u00f3wce zapewniaj\u0105cej ca\u0142odobow\u0105 opiek\u0119, w tym w specjalnym o\u015brodku szkolno-wychowawczym, z<br \/>wyj\u0105tkiem podmiotu wykonuj\u0105cego dzia\u0142alno\u015b\u0107 lecznicz\u0105, i korzysta w niej z ca\u0142odobowej opieki przez<br \/>wi\u0119cej ni\u017c 5 dni w tygodniu;<br \/>&#8211; na osob\u0119 wymagaj\u0105c\u0105 opieki inna osoba ma ustalone prawo do wcze\u015bniejszej emerytury;<br \/>&#8211; na osob\u0119 wymagaj\u0105c\u0105 opieki jest ustalone prawo do dodatku do zasi\u0142ku rodzinnego, o kt\u00f3rym mowa w<br \/>art. 10, (tzn. dodatek z tytu\u0142u opieki nad dzieckiem w okresie korzystania z urlopu wychowawczego),<br \/>prawo do specjalnego zasi\u0142ku opieku\u0144czego, prawo do \u015bwiadczenia piel\u0119gnacyjnego lub zasi\u0142ku dla<br \/>opiekuna, o kt\u00f3rym mowa w ustawie z 4 kwietnia 2014 r. o ustaleniu i wyp\u0142acie zasi\u0142k\u00f3w dla opiekun\u00f3w;<br \/>&#8211; na osob\u0119 wymagaj\u0105c\u0105 opieki inna osoba jest uprawniona za granic\u0105 do \u015bwiadczenia na pokrycie<br \/>wydatk\u00f3w zwi\u0105zanych z opiek\u0105, chyba \u017ce przepisy o koordynacji system\u00f3w zabezpieczenia spo\u0142ecznego<br \/>lub dwustronne umowy o zabezpieczeniu spo\u0142ecznym stanowi\u0105 inaczej.<br \/>W przypadku zbiegu uprawnie\u0144 do \u015bwiadczenia piel\u0119gnacyjnego lub specjalnego zasi\u0142ku opieku\u0144czego<br \/>lub zasi\u0142ku dla opiekuna, o kt\u00f3rym mowa w ustawie z dnia 4 kwietnia 2014 r. o ustaleniu i wyp\u0142acie<br \/>zasi\u0142k\u00f3w dla opiekun\u00f3w, przys\u0142uguj\u0105cego wi\u0119cej ni\u017c jednej osobie sprawuj\u0105cej opiek\u0119 nad osob\u0105 lub<br \/>osobami wymagaj\u0105cymi opieki przyznaje si\u0119 tylko jedno \u015bwiadczenie osobie, kt\u00f3ra pierwsza z\u0142o\u017cy\u0142a<br \/>wniosek.W przypadku zbiegu uprawnie\u0144 do \u015bwiadczenia rodzicielskiego lub \u015bwiadczenia<br \/>piel\u0119gnacyjnego lub specjalnego zasi\u0142ku opieku\u0144czego lub dodatku do zasi\u0142ku rodzinnego z tytu\u0142u opieki<br \/>nad dzieckiem w okresie korzystania z urlopu wychowawczego lub zasi\u0142ku dla opiekuna, o kt\u00f3rym mowa<br \/>w ustawie z 4 kwietnia 2014 r. o ustaleniu i wyp\u0142acie zasi\u0142k\u00f3w dla opiekun\u00f3w \u2013 przys\u0142uguje jedno z tych<br \/>\u015bwiadcze\u0144 wybrane przez osob\u0119 uprawnion\u0105 \u2013 tak\u017ce w przypadku gdy \u015bwiadczenia te przys\u0142uguj\u0105 w<br \/>zwi\u0105zku z opiek\u0105 nad r\u00f3\u017cnymi osobami.<br \/>Zarejestrowanie w powiatowym urz\u0119dzie pracy jako osoba poszukuj\u0105ca pracy lub posiadanie statusu<br \/>bezrobotnego nie ma wp\u0142ywu na uprawnienie do specjalnego zasi\u0142ku opieku\u0144czego.<\/p>\n<p>Do wniosku o ustalenie prawa do specjalnego zasi\u0142ku opieku\u0144czego nale\u017cy do\u0142\u0105czy\u0107 dokumenty jak do<br \/>zasi\u0142ku rodzinnego.<\/p>\n<\/section>\n<section \n\n","protected":false},"excerpt":{"rendered":"<p>Specjalny zasi\u0142ek opieku\u0144czy Przyznanie prawa do specjalnego zasi\u0142ku opieku\u0144czego jest uzale\u017cnione od kryterium dochodowego,przys\u0142uguje, je\u017celi \u0142\u0105czny doch\u00f3d rodziny osoby sprawuj\u0105cej opiek\u0119 oraz rodziny osoby wymagaj\u0105cejopieki w przeliczeniu na osob\u0119 nie przekracza miesi\u0119cznie kwoty 764,00 z\u0142\/os. Specjalny zasi\u0142ekopieku\u0144czy przys\u0142uguje w wysoko\u015bci 620 z\u0142 miesi\u0119cznie.Specjalny zasi\u0142ek opieku\u0144czy przys\u0142uguje osobom, na kt\u00f3rych zgodnie z przepisami ustawy z dnia [&hellip;]<\/p>\n","protected":false},"author":1,"featured_media":0,"parent":0,"menu_order":0,"comment_status":"closed","ping_status":"closed","template":"","meta":{"footnotes":""},"class_list":["post-881","page","type-page","status-publish","hentry"],"_links":{"self":[{"href":"https:\/\/ops.gorakalwaria.pl\/wp-json\/wp\/v2\/pages\/881","targetHints":{"allow":["GET"]}}],"collection":[{"href":"https:\/\/ops.gorakalwaria.pl\/wp-json\/wp\/v2\/pages"}],"about":[{"href":"https:\/\/ops.gorakalwaria.pl\/wp-json\/wp\/v2\/types\/page"}],"author":[{"embeddable":true,"href":"https:\/\/ops.gorakalwaria.pl\/wp-json\/wp\/v2\/users\/1"}],"replies":[{"embeddable":true,"href":"https:\/\/ops.gorakalwaria.pl\/wp-json\/wp\/v2\/comments?post=881"}],"version-history":[{"count":0,"href":"https:\/\/ops.gorakalwaria.pl\/wp-json\/wp\/v2\/pages\/881\/revisions"}],"wp:attachment":[{"href":"https:\/\/ops.gorakalwaria.pl\/wp-json\/wp\/v2\/media?parent=881"}],"curies":[{"name":"wp","href":"https:\/\/api.w.org\/{rel}","templated":true}]}}