{"id":880,"date":"2026-04-04T11:33:26","date_gmt":"2026-04-04T11:33:26","guid":{"rendered":"https:\/\/ops.gorakalwaria.pl\/?page_id=880"},"modified":"2026-04-04T11:33:26","modified_gmt":"2026-04-04T11:33:26","slug":"fundusz-alimentacyjny","status":"publish","type":"page","link":"https:\/\/ops.gorakalwaria.pl\/fundusz-alimentacyjny\/","title":{"rendered":"Fundusz alimentacyjny"},"content":{"rendered":"<p><span style=\"font-size: 14pt;\"><strong>Fundusz alimentacyjny<\/strong><\/span><\/p>\n<ol>\n<li style=\"font-size: 14pt;\"><span style=\"font-size: 14pt;\">Prawo do \u015bwiadcze\u0144 z funduszu alimentacyjnego ustala si\u0119 pocz\u0105wszy od miesi\u0105ca, w kt\u00f3rym zosta\u0142 z\u0142o\u017cony wniosek wraz z wymagan\u0105 dokumentacj\u0105, do ko\u0144ca okresu \u015bwiadczeniowego.<\/span><\/li>\n<li style=\"font-size: 14pt;\"><span style=\"font-size: 14pt;\">\u015awiadczenia z funduszu alimentacyjnego przys\u0142uguj\u0105:<\/span><\/li>\n<\/ol>\n<p><span style=\"font-size: 14pt;\">         a) obywatelom polskim,<\/span><br \/><span style=\"font-size: 14pt;\">         b) cudzoziemcom:<\/span><br \/><span style=\"font-size: 14pt;\">             &#8211; je\u017celi wynika to z wi\u0105\u017c\u0105cych Rzeczpospolit\u0105 Polsk\u0105 um\u00f3w dwustronnych o zabezpieczeniu spo\u0142ecznym,<\/span><br \/><span style=\"font-size: 14pt;\">             &#8211; przebywaj\u0105cym na terytorium Rzeczpospolitej Polskiej na podstawie zezwolenia na pobyt sta\u0142y, zezwolenia na pobyt rezydenta d\u0142ugoterminowego Unii Europejskiej oraz zezwolenia na pobyt czasowy udzielony w zwi\u0105zku z okoliczno\u015bci\u0105, o kt\u00f3rej mowa w art. 186 ust. 1 pkt. 3 ustawy z dnia 12 grudnia 2013 r. o cudzoziemcach.<\/span><br \/><span style=\"font-size: 14pt;\">             &#8211; przebywaj\u0105cym na terytorium Rzeczpospolitej Polskiej w zwi\u0105zku z uzyskaniem statusu uchod\u017acy lub ochrony uzupe\u0142niaj\u0105cej.<\/span><br \/><span style=\"font-size: 14pt;\">         c) w\/w osobom je\u017celi zamieszkuj\u0105 na terytorium Rzeczypospolitej Polskiej przez okres \u015bwiadczeniowy, w kt\u00f3rym otrzymuj\u0105 \u015bwiadczenia z funduszu alimentacyjnego<\/span><\/p>\n<p><span style=\"font-size: 14pt;\">     3. \u015awiadczenia z funduszu alimentacyjnego przys\u0142uguj\u0105, je\u017celi doch\u00f3d rodziny w przeliczeniu na osob\u0119 w rodzinie nie przekracza kwoty 900 z\u0142. W przypadku gdy doch\u00f3d rodziny w przeliczeniu na osob\u0119 w rodzinie przekracza kwot\u0119 900,00 z\u0142 na osob\u0119 w rodzinie, o kwot\u0119 nie wy\u017csz\u0105 ni\u017c kwota \u015bwiadczenia z funduszu alimentacyjnego przys\u0142uguj\u0105cego danej osobie uprawnionej w okresie \u015bwiadczeniowym, na kt\u00f3ry ustalane jest praw do tego \u015bwiadczenia, \u015bwiadczenie z funduszu alimentacyjnego przys\u0142uguje w wysoko\u015bci r\u00f3\u017cnicy mi\u0119dzy kwot\u0105 \u015bwiadczenia z funduszu alimentacyjnego przys\u0142uguj\u0105cego danej osobie uprawnionej a kwot\u0105, o kt\u00f3ra zosta\u0142 przekroczony doch\u00f3d rodziny w przeliczeniu na osob\u0119 w rodzinie jednak gdy wysoko\u015b\u0107 \u015bwiadczenia z funduszu alimentacyjnego przys\u0142uguj\u0105cego danej osobie uprawnionej jest ni\u017csza ni\u017c 100,00 z\u0142 \u015bwiadczenie to nie przys\u0142uguje.<\/span><\/p>\n<p><span style=\"font-size: 14pt;\">     4. \u015awiadczenia z funduszu alimentacyjnego nie przys\u0142uguj\u0105, je\u017celi osoba uprawniona:<\/span><br \/><span style=\"font-size: 14pt;\">           a) zosta\u0142a umieszczona w instytucji zapewniaj\u0105cej ca\u0142odobowe utrzymanie lub w pieczy zast\u0119pczej,<\/span><br \/><span style=\"font-size: 14pt;\">           b) zawar\u0142a zwi\u0105zek ma\u0142\u017ce\u0144ski.<\/span><br \/><span style=\"font-size: 14pt;\">Osoby korzystaj\u0105ce ze \u015bwiadcze\u0144 z funduszu alimentacyjnego nie s\u0105 uprawnione do pobierania w tym czasie aliment\u00f3w zar\u00f3wno od d\u0142u\u017cnika jak i od komornika s\u0105dowego. W przypadku gdy osoba uprawniona do \u015bwiadcze\u0144 z funduszu alimentacyjnego otrzyma\u0142a w tym samym czasie alimenty od komornika s\u0105dowego b\u0105d\u017a od d\u0142u\u017cnika, wyp\u0142acone \u015bwiadczenia z funduszu alimentacyjnego s\u0105 nienale\u017cne i podlegaj\u0105 zwrotowi wraz z odsetkami ustawowymi za op\u00f3\u017anienie.<\/span><\/p>\n<p><span style=\"font-size: 14pt;\">Wymagane dokumenty do wniosku:<\/span><\/p>\n<ul>\n<li style=\"font-size: 14pt;\"><span style=\"font-size: 14pt;\">Za\u015bwiadczenie o bezskuteczno\u015bci prowadzonego post\u0119powania egzekucyjnego za ostatnie 2 miesi\u0105ce zawieraj\u0105ce informacj\u0119 o stanie egzekucji, przyczynach jej bezskuteczno\u015bci oraz o dzia\u0142aniach podejmowanych w celu wyegzekwowania zas\u0105dzonego \u015bwiadczenia alimentacyjnego albo o\u015bwiadczenie o bezskuteczno\u015bci egzekucji aliment\u00f3w + za\u015bwiadczenie o wysoko\u015bci wyegzekwowanych aliment\u00f3w za rok kalendarzowy poprzedzaj\u0105cy okres \u015bwiadczeniowy (wystawia komornik s\u0105dowy),<\/span><\/li>\n<li style=\"font-size: 14pt;\"><span style=\"font-size: 14pt;\">Odpis podlegaj\u0105cego wykonaniu orzeczenia s\u0105du zas\u0105dzaj\u0105cego alimenty na rzecz os\u00f3b w rodzinie lub poza rodzin\u0105, odpis postanowienia s\u0105du o zabezpieczeniu pow\u00f3dztwa o alimenty na rzecz os\u00f3b w rodzinie lub poza rodzin\u0105 lub odpis protoko\u0142u zawieraj\u0105cego tre\u015b\u0107 ugody s\u0105dowej lub odpis zatwierdzonej przez S\u0105d ugody zawartej przed mediatorem, zobowi\u0105zuj\u0105cych do aliment\u00f3w na rzecz os\u00f3b w rodzinie lub poza rodzin\u0105.<\/span><\/li>\n<li style=\"font-size: 14pt;\"><span style=\"font-size: 14pt;\">O\u015bwiadczenie lub za\u015bwiadczenie ze szko\u0142y lub szko\u0142y wy\u017cszej dla os\u00f3b powy\u017cej 18 roku \u017cycia, potwierdzaj\u0105ce nauk\u0119 w szkole.<\/span><\/li>\n<li style=\"font-size: 14pt;\"><span style=\"font-size: 14pt;\">Orzeczenie s\u0105du rodzinnego o ustalenie opiekuna prawnego dla osoby uprawnionej.<\/span><\/li>\n<li style=\"font-size: 14pt;\"><span style=\"font-size: 14pt;\">Informacje w\u0142a\u015bciwego s\u0105du lub w\u0142a\u015bciwej instytucji o podj\u0119ciu przez osob\u0119 uprawnion\u0105 czynno\u015bci zwi\u0105zanych z wykonaniem tytu\u0142u wykonawczego za granic\u0105 albo o niepodj\u0119ciu tych czynno\u015bci w szczeg\u00f3lno\u015bci w zwi\u0105zku z brakiem podstawy prawnej do ich podj\u0119cia lub brakiem mo\u017cliwo\u015bci wskazania przez osob\u0119 uprawnion\u0105 miejsca zamieszkania d\u0142u\u017cnika alimentacyjnego za granic\u0105, je\u017celi d\u0142u\u017cnik zamieszkuje za granic\u0105 (orygina\u0142).<\/span><\/li>\n<li style=\"font-size: 14pt;\"><span style=\"font-size: 14pt;\">Inne dokumenty i o\u015bwiadczenia potwierdzaj\u0105ce spe\u0142nienie warunk\u00f3w do przyznania lub ustalenia wysoko\u015bci \u015bwiadczenia z funduszu alimentacyjnego b\u0119d\u0105cego przedmiotem wniosku.<\/span><\/li>\n<\/ul>\n<\/section>\n<section \n\n","protected":false},"excerpt":{"rendered":"<p>Fundusz alimentacyjny Prawo do \u015bwiadcze\u0144 z funduszu alimentacyjnego ustala si\u0119 pocz\u0105wszy od miesi\u0105ca, w kt\u00f3rym zosta\u0142 z\u0142o\u017cony wniosek wraz z wymagan\u0105 dokumentacj\u0105, do ko\u0144ca okresu \u015bwiadczeniowego. \u015awiadczenia z funduszu alimentacyjnego przys\u0142uguj\u0105: a) obywatelom polskim, b) cudzoziemcom: &#8211; je\u017celi wynika to z wi\u0105\u017c\u0105cych Rzeczpospolit\u0105 Polsk\u0105 um\u00f3w dwustronnych o zabezpieczeniu spo\u0142ecznym, &#8211; przebywaj\u0105cym na terytorium Rzeczpospolitej Polskiej [&hellip;]<\/p>\n","protected":false},"author":1,"featured_media":0,"parent":0,"menu_order":0,"comment_status":"closed","ping_status":"closed","template":"","meta":{"footnotes":""},"class_list":["post-880","page","type-page","status-publish","hentry"],"_links":{"self":[{"href":"https:\/\/ops.gorakalwaria.pl\/wp-json\/wp\/v2\/pages\/880","targetHints":{"allow":["GET"]}}],"collection":[{"href":"https:\/\/ops.gorakalwaria.pl\/wp-json\/wp\/v2\/pages"}],"about":[{"href":"https:\/\/ops.gorakalwaria.pl\/wp-json\/wp\/v2\/types\/page"}],"author":[{"embeddable":true,"href":"https:\/\/ops.gorakalwaria.pl\/wp-json\/wp\/v2\/users\/1"}],"replies":[{"embeddable":true,"href":"https:\/\/ops.gorakalwaria.pl\/wp-json\/wp\/v2\/comments?post=880"}],"version-history":[{"count":0,"href":"https:\/\/ops.gorakalwaria.pl\/wp-json\/wp\/v2\/pages\/880\/revisions"}],"wp:attachment":[{"href":"https:\/\/ops.gorakalwaria.pl\/wp-json\/wp\/v2\/media?parent=880"}],"curies":[{"name":"wp","href":"https:\/\/api.w.org\/{rel}","templated":true}]}}