{"id":879,"date":"2026-04-04T11:33:26","date_gmt":"2026-04-04T11:33:26","guid":{"rendered":"https:\/\/ops.gorakalwaria.pl\/?page_id=879"},"modified":"2026-04-04T11:33:26","modified_gmt":"2026-04-04T11:33:26","slug":"zasilek-pielegnacyjny","status":"publish","type":"page","link":"https:\/\/ops.gorakalwaria.pl\/zasilek-pielegnacyjny\/","title":{"rendered":"Zasi\u0142ek piel\u0119gnacyjny"},"content":{"rendered":"<p><strong>Zasi\u0142ek piel\u0119gnacyjny<br \/><\/strong><br \/>Zasi\u0142ek piel\u0119gnacyjny przyznaje si\u0119 w celu cz\u0119\u015bciowego pokrycia wydatk\u00f3w wynikaj\u0105cych z konieczno\u015bci zapewnienia opieki i pomocy innej osoby w zwi\u0105zku z niezdolno\u015bci\u0105 do samodzielnej egzystencji.<\/p>\n<p>Wysoko\u015b\u0107 zasi\u0142ku piel\u0119gnacyjnego wynosi 215,84 z\u0142 miesi\u0119cznie.<\/p>\n<p>Zasi\u0142ek piel\u0119gnacyjny przys\u0142uguje:<\/p>\n<ul>\n<li>niepe\u0142nosprawnemu dziecku;<\/li>\n<li>osobie niepe\u0142nosprawnej w wieku powy\u017cej 16 roku \u017cycia, je\u017celi legitymuje si\u0119 orzeczeniem o znacznymstopniu niepe\u0142nosprawno\u015bci;<\/li>\n<li>osobie niepe\u0142nosprawnej w wieku powy\u017cej 16 roku \u017cycia legitymuj\u0105cej si\u0119 orzeczeniem o umiarkowanym stopniu niepe\u0142nosprawno\u015bci, je\u017celi niepe\u0142nosprawno\u015b\u0107 powsta\u0142a w wieku do uko\u0144czenia 21 roku \u017cycia;<\/li>\n<li>osobie, kt\u00f3ra uko\u0144czy\u0142a 75 lat.<\/li>\n<\/ul>\n<p>Zasi\u0142ek piel\u0119gnacyjny nie przys\u0142uguje:<\/p>\n<ul>\n<li>osobie uprawnionej do dodatku piel\u0119gnacyjnego;<\/li>\n<li>osobie umieszczonej w instytucji zapewniaj\u0105cej nieodp\u0142atnie ca\u0142odobowe utrzymanie;<\/li>\n<li>je\u017celi cz\u0142onkowi rodziny przys\u0142uguje za granic\u0105 \u015bwiadczenie na pokrycie wydatk\u00f3w zwi\u0105zanych z piel\u0119gnacj\u0105 tej osoby, chyba \u017ce przepisy o koordynacji system\u00f3w zabezpieczenia spo\u0142ecznego lub dwustronne umowy o zabezpieczeniu spo\u0142ecznym stanowi\u0105 inaczej.<\/li>\n<\/ul>\n<\/section>\n<section \n\n","protected":false},"excerpt":{"rendered":"<p>Zasi\u0142ek piel\u0119gnacyjnyZasi\u0142ek piel\u0119gnacyjny przyznaje si\u0119 w celu cz\u0119\u015bciowego pokrycia wydatk\u00f3w wynikaj\u0105cych z konieczno\u015bci zapewnienia opieki i pomocy innej osoby w zwi\u0105zku z niezdolno\u015bci\u0105 do samodzielnej egzystencji. Wysoko\u015b\u0107 zasi\u0142ku piel\u0119gnacyjnego wynosi 215,84 z\u0142 miesi\u0119cznie. Zasi\u0142ek piel\u0119gnacyjny przys\u0142uguje: niepe\u0142nosprawnemu dziecku; osobie niepe\u0142nosprawnej w wieku powy\u017cej 16 roku \u017cycia, je\u017celi legitymuje si\u0119 orzeczeniem o znacznymstopniu niepe\u0142nosprawno\u015bci; osobie niepe\u0142nosprawnej [&hellip;]<\/p>\n","protected":false},"author":1,"featured_media":0,"parent":0,"menu_order":0,"comment_status":"closed","ping_status":"closed","template":"","meta":{"footnotes":""},"class_list":["post-879","page","type-page","status-publish","hentry"],"_links":{"self":[{"href":"https:\/\/ops.gorakalwaria.pl\/wp-json\/wp\/v2\/pages\/879","targetHints":{"allow":["GET"]}}],"collection":[{"href":"https:\/\/ops.gorakalwaria.pl\/wp-json\/wp\/v2\/pages"}],"about":[{"href":"https:\/\/ops.gorakalwaria.pl\/wp-json\/wp\/v2\/types\/page"}],"author":[{"embeddable":true,"href":"https:\/\/ops.gorakalwaria.pl\/wp-json\/wp\/v2\/users\/1"}],"replies":[{"embeddable":true,"href":"https:\/\/ops.gorakalwaria.pl\/wp-json\/wp\/v2\/comments?post=879"}],"version-history":[{"count":0,"href":"https:\/\/ops.gorakalwaria.pl\/wp-json\/wp\/v2\/pages\/879\/revisions"}],"wp:attachment":[{"href":"https:\/\/ops.gorakalwaria.pl\/wp-json\/wp\/v2\/media?parent=879"}],"curies":[{"name":"wp","href":"https:\/\/api.w.org\/{rel}","templated":true}]}}