{"id":878,"date":"2026-04-04T11:33:26","date_gmt":"2026-04-04T11:33:26","guid":{"rendered":"https:\/\/ops.gorakalwaria.pl\/?page_id=878"},"modified":"2026-04-04T11:33:26","modified_gmt":"2026-04-04T11:33:26","slug":"zasilek-rodzinny","status":"publish","type":"page","link":"https:\/\/ops.gorakalwaria.pl\/zasilek-rodzinny\/","title":{"rendered":"Zasi\u0142ek rodzinny"},"content":{"rendered":"<h4><strong>Zasi\u0142ek rodzinny<\/strong><\/h4>\n<p>Przyznanie prawa do zasi\u0142ku rodzinnego uzale\u017cnione jest od spe\u0142nienia kryterium dochodowego. Zasi\u0142ek rodzinny przys\u0142uguje, je\u017celi miesi\u0119czny doch\u00f3d rodziny w przeliczeniu na osob\u0119 albo doch\u00f3d osoby<br \/>ucz\u0105cej si\u0119 nie przekracza kwoty 674,00 z\u0142. W przypadku gdy cz\u0142onkiem rodziny jest dziecko posiadaj\u0105ce orzeczenie o niepe\u0142nosprawno\u015bci lub orzeczenie o umiarkowanym albo o znacznym stopniu niepe\u0142nosprawno\u015bci, zasi\u0142ek rodzinny przys\u0142uguje, je\u017celi miesi\u0119czny doch\u00f3d rodziny w przeliczeniu na osob\u0119 albo doch\u00f3d osoby ucz\u0105cej si\u0119 nie przekracza kwoty 764,00 z\u0142. <br \/>W przypadku gdy doch\u00f3d rodziny nie przekracza w\/w kwoty wysoko\u015b\u0107 zasi\u0142ku rodzinnego wynosi:<\/p>\n<ol style=\"list-style-type: lower-alpha;\">\n<li>95,00 z\u0142 na dziecko w wieku do uko\u0144czenia 5 lat,<\/li>\n<li>124,00 z\u0142 na dziecko w wieku powy\u017cej 5 roku \u017cycia do uko\u0144czenia 18 lat,<\/li>\n<li>135,00 z\u0142 na dziecko powy\u017cej 18 roku \u017cycia do uko\u0144czenia 24 lat.<\/li>\n<\/ol>\n<p>Do zasi\u0142ku rodzinnego przys\u0142uguj\u0105 nast\u0119puj\u0105ce dodatki:<\/p>\n<ol style=\"list-style-type: lower-alpha;\">\n<li>dodatek z tytu\u0142u urodzenia dziecka (wniosek sk\u0142ada si\u0119 do uko\u0144czenia przez dziecko pierwszego roku \u017cycia)<\/li>\n<li>dodatek z tytu\u0142u opieki nad dzieckiem w okresie korzystania z urlopu wychowawczego,<\/li>\n<li>dodatek z tytu\u0142u samotnego wychowywania dziecka,<\/li>\n<li>dodatek z tytu\u0142u wychowywania dziecka w rodzinie wielodzietnej,<\/li>\n<li>dodatek z tytu\u0142u kszta\u0142cenia i rehabilitacji dziecka niepe\u0142nosprawnego,<\/li>\n<li>dodatek z tytu\u0142u podj\u0119cia przez dziecko nauki w szkole poza miejscem zamieszkania,<\/li>\n<li>dodatek z tytu\u0142u rozpocz\u0119cia roku szkolnego.<\/li>\n<\/ol>\n<p>W przypadku gdy doch\u00f3d rodziny przekracza kwot\u0119, o kt\u00f3rej mowa powy\u017cej (674 z\u0142\/os lub 764 z\u0142\/os.) pomno\u017con\u0105 przez liczb\u0119 cz\u0142onk\u00f3w danej rodziny o kwot\u0119 nie wy\u017csz\u0105 ni\u017c \u0142\u0105czna kwota zasi\u0142k\u00f3w rodzinnych wraz z dodatkami przys\u0142uguj\u0105cymi danej rodzinie w okresie zasi\u0142kowym, na kt\u00f3ry jest ustalane prawo do tych \u015bwiadcze\u0144, zasi\u0142ek rodzinny wraz z dodatkami przys\u0142uguje w kwocie ustalonej wed\u0142ug tzw. zasady &#8222;z\u0142ot\u00f3wka za z\u0142ot\u00f3wk\u0119&#8221;. Zasi\u0142ek rodzinny i dodatki do zasi\u0142ku rodzinnego przys\u0142uguj\u0105 w wysoko\u015bci r\u00f3\u017cnicy mi\u0119dzy \u0142\u0105czn\u0105 kwot\u0105 zasi\u0142k\u00f3w rodzinnych wraz z dodatkami a kwot\u0105, o kt\u00f3r\u0105 zosta\u0142 przekroczony doch\u00f3d rodziny. \u0141\u0105czn\u0105 kwot\u0119 zasi\u0142k\u00f3w rodzinnych wraz z dodatkami, o kt\u00f3rej mowa w zdaniu poprzednim, stanowi suma przys\u0142uguj\u0105cych danej rodzinie w danym okresie zasi\u0142kowym:<\/p>\n<ul style=\"list-style-type: disc;\">\n<li>zasi\u0142k\u00f3w rodzinnych podzielonych przez liczb\u0119 miesi\u0119cy, na kt\u00f3re danej rodzinie jest ustalane prawo do tych zasi\u0142k\u00f3w,<\/li>\n<li>dodatk\u00f3w do zasi\u0142ku rodzinnego z tytu\u0142u: opieki nad dzieckiem w okresie korzystania z urlopu wychowawczego, samotnego wychowywania dziecka, wychowywania dziecka w rodzinie wielodzietnej, kszta\u0142cenia i rehabilitacji dziecka &#8211; podzielonych przez liczb\u0119 miesi\u0119cy, na kt\u00f3re danej rodzinie jest ustalane prawo do tych dodatk\u00f3w,<\/li>\n<li>dodatk\u00f3w do zasi\u0142ku rodzinnego z tytu\u0142u: urodzenia dziecka, rozpocz\u0119cia roku szkolnego, podj\u0119cia przez dziecko nauki w szkole poza miejscem zamieszkania &#8211; podzielonych przez 12.<\/li>\n<\/ul>\n<p>W przypadku gdy wysoko\u015b\u0107 zasi\u0142k\u00f3w rodzinnych wraz z dodatkami ustalona wed\u0142ug zasady &#8222;z\u0142ot\u00f3wka za z\u0142ot\u00f3wk\u0119&#8221; jest ni\u017csza ni\u017c 20,00 z\u0142, \u015bwiadczenia nie przys\u0142uguj\u0105.<br \/>Przy ustalaniu uprawnie\u0144 do zasi\u0142ku rodzinnego brane s\u0105 pod uwag\u0119 dochody cz\u0142onk\u00f3w rodziny osi\u0105gni\u0119te w roku kalendarzowym poprzedzaj\u0105cym okres zasi\u0142kowy oraz zmiany w sytuacji dochodowej rodziny, czyli utrata i uzyskanie dochodu.<br \/>W przypadku gdy cz\u0142onek rodziny ma zobowi\u0105zania alimentacyjne na rzecz osoby spoza rodziny, od dochodu cz\u0142onka rodziny odejmuje si\u0119 kwot\u0119 aliment\u00f3w zap\u0142aconych na rzecz tej osoby.<br \/>W przypadku, gdy cz\u0142onek rodziny przebywa w instytucji zapewniaj\u0105cej ca\u0142odobowe utrzymanie, ustalaj\u0105c doch\u00f3d rodziny w przeliczeniu na osob\u0119, nie uwzgl\u0119dnia si\u0119 osoby przebywaj\u0105cej w tej instytucji.<\/p>\n<p>Prawo do zasi\u0142ku rodzinnego i dodatk\u00f3w do tego zasi\u0142ku przys\u0142uguje:<\/p>\n<ol style=\"list-style-type: lower-alpha;\">\n<li>rodzicom, jednemu z rodzic\u00f3w albo opiekunowi prawnemu dziecka,<\/li>\n<li>opiekunowi faktycznemu dziecka (osoba faktycznie opiekuj\u0105c\u0105 si\u0119 dzieckiem, je\u017celi wyst\u0105pi\u0142a z wnioskiem do s\u0105du rodzinnego o przysposobienie dziecka),<\/li>\n<li>osobie ucz\u0105cej si\u0119 (osoba pe\u0142noletnia ucz\u0105ca si\u0119, niepozostaj\u0105ca na utrzymaniu rodzic\u00f3w w zwi\u0105zku z ich \u015bmierci\u0105 lub w zwi\u0105zku z ustaleniem wyrokiem s\u0105dowym lub ugod\u0105 s\u0105dow\u0105 prawa do aliment\u00f3w z ich strony).<\/li>\n<\/ol>\n<p>Zasi\u0142ek rodzinny przys\u0142uguje osobom wymienionym w pkt 10 a i b, do uko\u0144czenia przez dziecko:<\/p>\n<ol style=\"list-style-type: lower-alpha;\">\n<li>18 roku \u017cycia lub<\/li>\n<li>nauki w szkole, jednak nie d\u0142u\u017cej ni\u017c do uko\u0144czenia 21 roku \u017cycia albo<\/li>\n<li>24 roku \u017cycia, je\u017celi kontynuuje nauk\u0119 w szkole lub w szkole wy\u017cszej i legitymuje si\u0119 orzeczeniem o umiarkowanym albo znacznym stopniu niepe\u0142nosprawno\u015bci.<\/li>\n<\/ol>\n<p>W przypadku zbiegu prawa rodzic\u00f3w, opiekun\u00f3w faktycznych dziecka lub opiekun\u00f3w prawnych dziecka do \u015bwiadcze\u0144 rodzinnych \u015bwiadczenia te wyp\u0142aca si\u0119 temu z rodzic\u00f3w, opiekun\u00f3w faktycznych dziecka lub opiekun\u00f3w prawnych, kt\u00f3ry pierwszy z\u0142o\u017cy\u0142 wniosek.<\/p>\n<ol>\n<li>Zasi\u0142ek rodzinny nie przys\u0142uguje, je\u017celi:dziecko lub osoba ucz\u0105ca si\u0119 pozostaj\u0105 w zwi\u0105zku ma\u0142\u017ce\u0144skim,<\/li>\n<li>dziecko zosta\u0142o umieszczone w instytucji zapewniaj\u0105cej ca\u0142odobowe utrzymanie albo w pieczy zast\u0119pczej,<\/li>\n<li>osoba ucz\u0105ca si\u0119 zosta\u0142a umieszczona w instytucji zapewniaj\u0105cej ca\u0142odobowe utrzymanie,<\/li>\n<li>pe\u0142noletnie dziecko lub osoba ucz\u0105ca si\u0119 jest uprawniona do zasi\u0142ku rodzinnego na w\u0142asne dziecko,<\/li>\n<li>osobie samotnie wychowuj\u0105cej dziecko nie zosta\u0142o zas\u0105dzone \u015bwiadczenie alimentacyjne na rzecz dziecka od jego rodzica, chyba \u017ce: <br \/>a) rodzice lub jedno z rodzic\u00f3w dziecka nie \u017cyje,<br \/>b) ojciec dziecka jest nieznany,<br \/>c) pow\u00f3dztwo o ustalenie \u015bwiadczenia alimentacyjnego od drugiego z rodzic\u00f3w zosta\u0142o oddalone,<br \/>d) s\u0105d zobowi\u0105za\u0142 jednego z rodzic\u00f3w do ponoszenia ca\u0142kowitych koszt\u00f3w utrzymania dziecka i nie zobowi\u0105za\u0142 drugiego z rodzic\u00f3w do \u015bwiadczenia alimentacyjnego na rzecz tego dziecka,<br \/>e) dziecko, zgodnie z orzeczeniem s\u0105du, jest pod opiek\u0105 naprzemienn\u0105 obojga rodzic\u00f3w sprawowan\u0105 w por\u00f3wnywalnych i powtarzaj\u0105cych si\u0119 okresach,<\/li>\n<li>cz\u0142onkowi rodziny przys\u0142uguje na dziecko zasi\u0142ek rodzinny za granic\u0105, chyba \u017ce przepisy o koordynacji system\u00f3w zabezpieczenia spo\u0142ecznego lub dwustronne umowy o zabezpieczeniu spo\u0142ecznym stanowi\u0105 <br \/>inaczej.<\/li>\n<\/ol>\n<p>Okres zasi\u0142kowy zaczyna si\u0119 1 listopada i trwa do 31 pa\u017adziernika nast\u0119pnego roku kalendarzowego, na jaki ustala si\u0119 prawo do \u015bwiadcze\u0144 rodzinnych. Wnioski w sprawie ustalenia prawa do \u015bwiadcze\u0144 rodzinnych na nowy okres zasi\u0142kowy s\u0105 przyjmowane od 1 sierpnia danego roku, a w przypadku wniosk\u00f3w sk\u0142adanych drog\u0105 elektroniczn\u0105 \u2013 od 1 lipca danego roku. W przypadku gdy osoba ubiegaj\u0105ca si\u0119 o \u015bwiadczenia rodzinne na nowy okres zasi\u0142kowy z\u0142o\u017cy wniosek wraz z wymaganymi dokumentami do 31 sierpnia, ustalenie prawa do \u015bwiadcze\u0144 rodzinnych oraz wyp\u0142ata przys\u0142uguj\u0105cych \u015bwiadcze\u0144 nast\u0119puje do 30 listopada. W przypadku gdy osoba ubiegaj\u0105ca si\u0119 o \u015bwiadczenia rodzinne na nowy okres zasi\u0142kowy z\u0142o\u017cy wniosek wraz z wymaganymi dokumentami od 1 wrze\u015bnia do 31 pa\u017adziernika, ustalenie prawa do \u015bwiadcze\u0144 rodzinnych oraz wyp\u0142ata przys\u0142uguj\u0105cych \u015bwiadcze\u0144 nast\u0119puje do 31 grudnia. W przypadku gdy osoba ubiegaj\u0105ca si\u0119 o \u015bwiadczenia rodzinne na nowy okres zasi\u0142kowy z\u0142o\u017cy wniosek wraz z wymaganymi dokumentami w okresie od 1 listopada do 1 grudnia danego roku, ustalenie prawa do \u015bwiadcze\u0144 rodzinnych oraz wyp\u0142ata przys\u0142uguj\u0105cych \u015bwiadcze\u0144 nast\u0119puje do ostatniego dnia lutego nast\u0119pnego roku.<br \/>\u015awiadczenia rodzinne wyp\u0142aca si\u0119 w okresach miesi\u0119cznych.<br \/>W przypadku wyst\u0105pienia zmian w liczbie cz\u0142onk\u00f3w rodziny, uzyskania dochodu, wyjazdu osoby uprawnionej lub cz\u0142onka rodziny poza granic\u0119 RP lub innych zmian maj\u0105cych wp\u0142yw na prawo do \u015bwiadcze\u0144 rodzinnych, w tym na wysoko\u015b\u0107 otrzymywanych \u015bwiadcze\u0144, wnioskodawca jest obowi\u0105zany do niezw\u0142ocznego powiadomienia o tym Urz\u0119du wyp\u0142acaj\u0105cego \u015bwiadczenia rodzinne.<\/p>\n<p>Wymagane dokumenty:<\/p>\n<ul style=\"list-style-type: circle;\">\n<li>o\u015bwiadczenie o ucz\u0119szczaniu dziecka do szko\u0142y \u2013 w przypadku gdy dziecko uko\u0144czy\u0142o 18 rok \u017cycia,<\/li>\n<li>o\u015bwiadczenie o ucz\u0119szczaniu do szko\u0142y wy\u017cszej \u2013 w przypadku osoby ucz\u0105cej si\u0119 legitymuj\u0105cej si\u0119 orzeczeniem o umiarkowanym albo znacznym stopniu niepe\u0142nosprawno\u015bci<\/li>\n<li>za\u015bwiadczenia lub o\u015bwiadczenia dokumentuj\u0105ce wysoko\u015b\u0107 innych dochod\u00f3w ni\u017c dochody podlegaj\u0105ceopodatkowaniu podatkiem dochodowym od os\u00f3b fizycznych na zasadach okre\u015blonych w art. 27, art. 30b, art. 30c, art. 30e i art. 30f ustawy z 26 lipca 1991 r. o podatku dochodowym od os\u00f3b fizycznych (Dz. U. z 2016 r. poz. 2032, z p\u00f3\u017an. zm.), dotycz\u0105ce ka\u017cdego cz\u0142onka rodziny;<\/li>\n<li>za\u015bwiadczenie w\u0142a\u015bciwego organu gminy albo o\u015bwiadczenie o wielko\u015bci gospodarstwa rolnego wyra\u017conej w hektarach przeliczeniowych og\u00f3lnej powierzchni w roku kalendarzowym poprzedzaj\u0105cym okres zasi\u0142kowy;<\/li>\n<li>kopi\u0119 umowy dzier\u017cawy \u2013 w przypadku oddania cz\u0119\u015bci lub ca\u0142o\u015bci znajduj\u0105cego si\u0119 w posiadaniu rodziny gospodarstwa rolnego w dzier\u017caw\u0119, na podstawie umowy zawartej stosownie do przepis\u00f3w o ubezpieczeniu spo\u0142ecznym rolnik\u00f3w, albo oddania gospodarstwa rolnego w dzier\u017caw\u0119 w zwi\u0105zku z pobieraniem renty okre\u015blonej w przepisach o wspieraniu rozwoju obszar\u00f3w wiejskich ze \u015brodk\u00f3w pochodz\u0105cych z Sekcji Gwarancji Europejskiego Funduszu Orientacji i Gwarancji Rolnej,<\/li>\n<li>kopi\u0119 umowy o wniesieniu wk\u0142ad\u00f3w gruntowych \u2013 w przypadku wniesienia gospodarstwa rolnego do u\u017cytkowania przez rolnicz\u0105 sp\u00f3\u0142dzielni\u0119 produkcyjn\u0105,<\/li>\n<li>kopi\u0119 odpisu podlegaj\u0105cego wykonaniu orzeczenia s\u0105du zas\u0105dzaj\u0105cego alimenty na rzecz os\u00f3b w rodzinie lub poza rodzin\u0105 lub odpis protoko\u0142u posiedzenia zawieraj\u0105cego tre\u015b\u0107 ugody s\u0105dowej, lub odpis zatwierdzonej przez s\u0105d ugody zawartej przed mediatorem, zobowi\u0105zuj\u0105cych do aliment\u00f3w na rzecz os\u00f3b w rodzinie lub poza rodzin\u0105,<\/li>\n<li>przekazy lub przelewy pieni\u0119\u017cne dokumentuj\u0105ce wysoko\u015b\u0107 zap\u0142aconych aliment\u00f3w, je\u017celi cz\u0142onkowie rodziny s\u0105 zobowi\u0105zani orzeczeniem s\u0105du, ugod\u0105 s\u0105dow\u0105 lub ugod\u0105 zawart\u0105 przed mediatorem do ich p\u0142acenia na rzecz osoby spoza rodziny, &#8211; w przypadku gdy osoba uprawniona nie otrzyma\u0142a aliment\u00f3w albo otrzyma\u0142a je w wysoko\u015bci ni\u017cszej od ustalonej w orzeczeniu s\u0105du, ugodzie s\u0105dowej lub ugodzie zawartej przed mediatorem za\u015bwiadczenie organu prowadz\u0105cego post\u0119powanie egzekucyjne o ca\u0142kowitej lub cz\u0119\u015bciowej bezskuteczno\u015bci egzekucji aliment\u00f3w, a tak\u017ce o wysoko\u015bci wyegzekwowanych aliment\u00f3w lub informacj\u0119 w\u0142a\u015bciwego s\u0105du lub w\u0142a\u015bciwej instytucji o podj\u0119ciu przez osob\u0119 uprawnion\u0105 czynno\u015bci zwi\u0105zanych z wykonywaniem tytu\u0142u wykonawczego za granic\u0105 albo o niepodj\u0119ciu tych czynno\u015bci, w szczeg\u00f3lno\u015bci w zwi\u0105zku z brakiem podstawy prawnej do ich podj\u0119cia lub brakiem mo\u017cliwo\u015bci wskazania przez osob\u0119 uprawnion\u0105 miejsca zamieszkania d\u0142u\u017cnika alimentacyjnego za granic\u0105, je\u017celi d\u0142u\u017cnik zamieszkuje za granic\u0105,<\/li>\n<li>dokument potwierdzaj\u0105cy utrat\u0119 dochodu, w tym o\u015bwiadczenie, okre\u015blaj\u0105cy dat\u0119 utraty dochodu oraz wysoko\u015b\u0107 i rodzaj utraconego dochodu,<\/li>\n<li>dokument potwierdzaj\u0105cy uzysk dochodu, w tym o\u015bwiadczenie, okre\u015blaj\u0105cy dat\u0119 uzyskania dochodu oraz wysoko\u015b\u0107 i rodzaj dochodu uzyskanego przez cz\u0142onka rodziny oraz liczb\u0119 miesi\u0119cy, w kt\u00f3rych doch\u00f3d by\u0142 uzyskiwany \u2013 w przypadku uzyskania dochodu w roku kalendarzowym poprzedzaj\u0105cym okres \u015bwiadczeniowy,<\/li>\n<li>dokument, w tym o\u015bwiadczenie, okre\u015blaj\u0105cy dat\u0119 uzyskania dochodu oraz wysoko\u015b\u0107 i rodzaj dochodu uzyskanego przez cz\u0142onka rodziny za miesi\u0105c nast\u0119puj\u0105cy po miesi\u0105cu, w kt\u00f3rym nast\u0105pi\u0142o uzyskanie dochodu \u2013 w przypadku uzyskania dochodu po roku kalendarzowym poprzedzaj\u0105cym okres \u015bwiadczeniowy, <\/li>\n<li>odpis akt\u00f3w zgonu rodzic\u00f3w lub odpisu podlegaj\u0105cego wykonaniu orzeczenia zas\u0105dzaj\u0105cego alimenty lub odpis protoko\u0142u posiedzenia zawieraj\u0105cego tre\u015b\u0107 ugody s\u0105dowej, lub odpis zatwierdzonej przez s\u0105d ugody zawartej przed mediatorem zobowi\u0105zuj\u0105cych do aliment\u00f3w \u2013 w przypadku osoby ucz\u0105cej si\u0119,<\/li>\n<li>karta pobytu, w przypadku cudzoziemca przebywaj\u0105cego na terytorium Rzeczypospolitej Polskiej na podstawie zezwolenia na pobyt sta\u0142y, zezwolenia na pobyt rezydenta d\u0142ugoterminowego Unii Europejskiej, zezwolenia na pobyt czasowy udzielonego w zwi\u0105zku z okoliczno\u015bciami, o kt\u00f3rych mowa w art. 127 lub art. 186 ust. 1 pkt 3 ustawy z dnia 12 grudnia 2013 r. o cudzoziemcach lub w zwi\u0105zku z uzyskaniem w Rzeczypospolitej Polskiej statusu uchod\u017acy lub ochrony uzupe\u0142niaj\u0105cej, <\/li>\n<li>kart\u0119 pobytu, decyzj\u0119 o udzieleniu cudzoziemcowi zezwolenia na pobyt na terytorium Rzeczypospolitej Polskiej lub inny dokument uprawniaj\u0105cy cudzoziemca do pobytu na terytorium Rzeczypospolitej Polskiej, kt\u00f3ry uprawnia do wykonywania pracy, <\/li>\n<li>odpis prawomocnego orzeczenia s\u0105du orzekaj\u0105cego rozw\u00f3d lub separacj\u0119 albo kopi\u0119 odpisu zupe\u0142nego lub skr\u00f3conego aktu zgonu ma\u0142\u017conka lub rodzica dziecka \u2013 w przypadku osoby samotnie wychowuj\u0105cej dziecko,<\/li>\n<li>odpis zupe\u0142nego aktu urodzenia dziecka \u2013 w przypadku gdy ojciec dziecka jest nieznany, <\/li>\n<li>odpis prawomocnego wyroku oddalaj\u0105cego pow\u00f3dztwo o roszczenia alimentacyjne,<\/li>\n<li>orzeczenie s\u0105du zobowi\u0105zuj\u0105cego jednego z rodzic\u00f3w do ponoszenia ca\u0142kowitych koszt\u00f3w utrzymania dziecka,<\/li>\n<li>odpis orzeczenia s\u0105du wskazuj\u0105cego na pozostawanie dziecka pod opiek\u0105 naprzemienn\u0105 obojga rodzic\u00f3w sprawowan\u0105 w por\u00f3wnywalnych i powtarzaj\u0105cych si\u0119 okresach,<\/li>\n<li>odpis prawomocnego postanowienia s\u0105du orzekaj\u0105cego przysposobienie lub za\u015bwiadczenie s\u0105du rodzinnego lub o\u015brodka adopcyjno-opieku\u0144czego o prowadzonym post\u0119powaniu s\u0105dowym w sprawie o przysposobienie dziecka,<\/li>\n<li>orzeczenie s\u0105du o ustaleniu opiekuna prawnego dziecka,<\/li>\n<li>za\u015bwiadczenie pracodawcy lub o\u015bwiadczenie o terminie i okresie, na jaki zosta\u0142 udzielony urlop wychowawczy oraz o co najmniej sze\u015bciomiesi\u0119cznym okresie pozostawania w stosunku pracy bezpo\u015brednio przed uzyskaniem prawa do urlopu wychowawczego, <\/li>\n<li>za\u015bwiadczenie plac\u00f3wki zapewniaj\u0105cej ca\u0142odobow\u0105 opiek\u0119, w przypadku umieszczenia w niej dziecka, o liczbie dni w tygodniu, w kt\u00f3rych korzysta w niej z ca\u0142odobowej opieki albo o\u015bwiadczenie o niekorzystaniu przez wi\u0119cej ni\u017c 5 dni w tygodniu z ca\u0142odobowej opieki nad dzieckiem umieszczonym w plac\u00f3wce zapewniaj\u0105cej ca\u0142odobow\u0105 opiek\u0119, w tym specjalnym o\u015brodku szkolno wychowawczym,<\/li>\n<li>o\u015bwiadczenie o ucz\u0119szczaniu dziecka do szko\u0142y poza miejscem zamieszkania, <\/li>\n<li>za\u015bwiadczenie \/ o\u015bwiadczenie potwierdzaj\u0105ce tymczasowe zameldowanie ucznia poza miejscem zamieszkania,<\/li>\n<li>inne dokumenty, w tym:<br \/>&#8211; o\u015bwiadczenia niezb\u0119dne do ustalenia prawa do zasi\u0142ku rodzinnego oraz dodatk\u00f3w do zasi\u0142ku rodzinnego.\n<p><\/li>\n<li><strong>Obywatele Ukrainy<\/strong>, kt\u00f3rzy przybyli do Polski po 23 lutego 2022r w zwi\u0105zku z tocz\u0105cymi si\u0119 dzia\u0142aniami wojennymi i kt\u00f3rych pobyt zosta\u0142 uznany za legalny na mocy ustawy z dnia 12 marca 2022 r. o pomocy obywatelom Ukrainy w zwi\u0105zku z konfliktem zbrojnym na terytorium tego pa\u0144stwa powinni dostarczy\u0107:<\/li>\n<li>za\u015bwiadczenie o nadaniu numeru PESEL wraz z symbolem UKR dla ka\u017cdego cz\u0142onka rodziny oraz wpisa\u0107 do wniosku PESEL, je\u017celi wyst\u0119puje, rodzaj, seri\u0119 i numer dokumentu stanowi\u0105cego podstaw\u0119 przekroczenia granicy, a w przypadku \u015bwiadcze\u0144 przys\u0142uguj\u0105cych na dziecko<\/li>\n<li>numer PESEL dziecka oraz, je\u017celi wyst\u0119puje, rodzaj, seri\u0119 i numer dokumentu stanowi\u0105cego podstaw\u0119 przekroczenia granicy, o\u015bwiadczenie o ma\u0142\u017conku lub drugim rodzicu dziecka nieprzebywaj\u0105cym na terytorium Rzeczypospolitej Polskiej,<\/li>\n<li>w pozosta\u0142ym zakresie obowi\u0105zuj\u0105 dokumenty wymienione powy\u017cej,<\/li>\n<li>ka\u017cdy sk\u0142adany dokument musi by\u0107 w j\u0119zyku polskim lub przet\u0142umaczony przez t\u0142umacza przysi\u0119g\u0142ego na j\u0119zyk polski.<\/li>\n<\/ul>\n<h4><strong>Terminy<\/strong><\/h4>\n<p>Prawo do \u015bwiadcze\u0144 rodzinnych ustala si\u0119 od miesi\u0105ca, w kt\u00f3rym wp\u0142yn\u0105\u0142 wniosek z prawid\u0142owo wype\u0142nionymi dokumentami.<\/p>\n<ol>\n<li>Post\u0119powanie w sprawie przyznania \u015bwiadcze\u0144 ko\u0144czy si\u0119 wydaniem decyzji administracyjnej w terminie miesi\u0105ca od daty z\u0142o\u017cenia wniosku i skompletowania dokument\u00f3w. W przypadku konieczno\u015bci przeprowadzenia szczeg\u00f3\u0142owego post\u0119powania wyja\u015bniaj\u0105cego termin za\u0142atwienia sprawy mo\u017ce ulec wyd\u0142u\u017ceniu.<\/li>\n<li>W przypadku z\u0142o\u017cenia nieprawid\u0142owo wype\u0142nionego wniosku podmiot realizuj\u0105cy \u015bwiadczenia wzywa pisemnie osob\u0119 ubiegaj\u0105c\u0105 si\u0119 o \u015bwiadczenia do poprawienia lub uzupe\u0142nienia wniosku w terminie 14 dni od dnia otrzymania wezwania. Gdy osoba z\u0142o\u017cy wniosek bez wymaganych dokument\u00f3w, podmiot realizuj\u0105cy \u015bwiadczenia przyjmuje wniosek i wyznacza termin nie kr\u00f3tszy ni\u017c 14 dni i nie d\u0142u\u017cszy ni\u017c 30 dni na uzupe\u0142nienie brakuj\u0105cych dokument\u00f3w. Niezastosowanie si\u0119 do wezwania skutkuje pozostawieniem wniosku bez rozpatrzenia.<\/li>\n<li>W przypadku, gdy przyczyn\u0105 niedostarczenia wymaganego dokumentu przez osob\u0119 sk\u0142adaj\u0105c\u0105 wniosek jest niewydanie dokumentu przez w\u0142a\u015bciw\u0105 instytucj\u0119 w ustawowo okre\u015blonym, w odr\u0119bnych przepisach, terminie oraz osoba mo\u017ce to udokumentowa\u0107, \u015bwiadczenia przys\u0142uguj\u0105 od miesi\u0105ca, w kt\u00f3rym wniosek zosta\u0142 z\u0142o\u017cony.<\/li>\n<li>W przypadku, gdy organ w\u0142a\u015bciwy prowadz\u0105cy post\u0119powanie w sprawie \u015bwiadcze\u0144 rodzinnych powe\u017amie w\u0105tpliwo\u015b\u0107 w sprawie dotycz\u0105cej przyznanego \u015bwiadczenia rodzinnego co do wyst\u0119puj\u0105cych okoliczno\u015bci maj\u0105cych wp\u0142yw na prawo do tego \u015bwiadczenia, powiadamia niezw\u0142ocznie osob\u0119 pobieraj\u0105c\u0105 to \u015bwiadczenie o konieczno\u015bci z\u0142o\u017cenia w wyznaczonym terminie, nie d\u0142u\u017cszym ni\u017c 14 dni, licz\u0105c od dnia otrzymania wezwania, wyja\u015bnie\u0144 w sprawie lub dostarczenia niezb\u0119dnych dokument\u00f3w. W przypadku nie udzielenia wymaganych wyja\u015bnie\u0144 lub nie dostarczenia w wyznaczonym terminie niezb\u0119dnych dokument\u00f3w, wstrzymuje si\u0119 realizacj\u0119 \u015bwiadcze\u0144 rodzinnych.<\/li>\n<li>W przypadku, gdy osoba samotnie wychowuj\u0105ca dziecko, kt\u00f3rej prawo do \u015bwiadcze\u0144 rodzinnych w stosunku do danego dziecka uzale\u017cnione jest od ustalenia na rzecz tego dziecka od jego rodzica \u015bwiadczenia alimentacyjnego na podstawie tytu\u0142u wykonawczego pochodz\u0105cego lub zatwierdzonego przez s\u0105d, z\u0142o\u017cy wniosek o ustalenie prawa do \u015bwiadczenia rodzinnego i nie do\u0142\u0105czy do wniosku tego tytu\u0142u, organ wyznacza termin 3 miesi\u0119cy na dostarczenie tego tytu\u0142u. W przypadku dostarczenie w wyznaczonym terminie tytu\u0142u lub dokument\u00f3w po\u015bwiadczaj\u0105cych okoliczno\u015bci, o kt\u00f3rych mowa w art. 7 pkt 5 lit. a-e lub w art. 15b ust. 4 pkt 2 lit. a-e ustawy z 28 listopada 2003 r. o \u015bwiadczeniach rodzinnych (opis w pkt 13.5 lit. a-e niniejszej karty), \u015bwiadczenie rodzinne przys\u0142uguje od miesi\u0105ca z\u0142o\u017cenia wniosku. Niezastosowanie si\u0119 do wezwania skutkuje pozostawieniem wniosku bez rozpatrzenia.<\/li>\n<\/ol>\n<\/section>\n<section \n\n","protected":false},"excerpt":{"rendered":"<p>Zasi\u0142ek rodzinny Przyznanie prawa do zasi\u0142ku rodzinnego uzale\u017cnione jest od spe\u0142nienia kryterium dochodowego. Zasi\u0142ek rodzinny przys\u0142uguje, je\u017celi miesi\u0119czny doch\u00f3d rodziny w przeliczeniu na osob\u0119 albo doch\u00f3d osobyucz\u0105cej si\u0119 nie przekracza kwoty 674,00 z\u0142. W przypadku gdy cz\u0142onkiem rodziny jest dziecko posiadaj\u0105ce orzeczenie o niepe\u0142nosprawno\u015bci lub orzeczenie o umiarkowanym albo o znacznym stopniu niepe\u0142nosprawno\u015bci, zasi\u0142ek rodzinny [&hellip;]<\/p>\n","protected":false},"author":1,"featured_media":0,"parent":0,"menu_order":0,"comment_status":"closed","ping_status":"closed","template":"","meta":{"footnotes":""},"class_list":["post-878","page","type-page","status-publish","hentry"],"_links":{"self":[{"href":"https:\/\/ops.gorakalwaria.pl\/wp-json\/wp\/v2\/pages\/878","targetHints":{"allow":["GET"]}}],"collection":[{"href":"https:\/\/ops.gorakalwaria.pl\/wp-json\/wp\/v2\/pages"}],"about":[{"href":"https:\/\/ops.gorakalwaria.pl\/wp-json\/wp\/v2\/types\/page"}],"author":[{"embeddable":true,"href":"https:\/\/ops.gorakalwaria.pl\/wp-json\/wp\/v2\/users\/1"}],"replies":[{"embeddable":true,"href":"https:\/\/ops.gorakalwaria.pl\/wp-json\/wp\/v2\/comments?post=878"}],"version-history":[{"count":0,"href":"https:\/\/ops.gorakalwaria.pl\/wp-json\/wp\/v2\/pages\/878\/revisions"}],"wp:attachment":[{"href":"https:\/\/ops.gorakalwaria.pl\/wp-json\/wp\/v2\/media?parent=878"}],"curies":[{"name":"wp","href":"https:\/\/api.w.org\/{rel}","templated":true}]}}