{"id":49,"date":"2026-03-14T11:49:50","date_gmt":"2026-03-14T11:49:50","guid":{"rendered":"https:\/\/ops.gorakalwaria.pl\/?page_id=49"},"modified":"2026-05-06T10:26:12","modified_gmt":"2026-05-06T10:26:12","slug":"home","status":"publish","type":"page","link":"https:\/\/ops.gorakalwaria.pl\/","title":{"rendered":"Strona G\u0142\u00f3wna"},"content":{"rendered":"\t\t<div data-elementor-type=\"wp-page\" data-elementor-id=\"49\" class=\"elementor elementor-49\" data-elementor-post-type=\"page\">\n\t\t\t\t<div class=\"elementor-element elementor-element-60d74ac9 e-con-full e-flex e-con e-parent\" data-id=\"60d74ac9\" data-element_type=\"container\" data-e-type=\"container\">\n\t\t<div class=\"elementor-element elementor-element-24bc11dd e-con-full e-flex e-con e-child\" data-id=\"24bc11dd\" data-element_type=\"container\" data-e-type=\"container\">\n\t\t\t\t<div class=\"elementor-element elementor-element-1fef58c4 elementor-invisible elementor-widget elementor-widget-heading\" data-id=\"1fef58c4\" data-element_type=\"widget\" data-e-type=\"widget\" data-settings=\"{&quot;_animation&quot;:&quot;fadeIn&quot;}\" data-widget_type=\"heading.default\">\n\t\t\t\t\t<h1 class=\"elementor-heading-title elementor-size-default\">O\u015brodek Pomocy Spo\u0142ecznej w G\u00f3rze Kalwarii<\/h1>\t\t\t\t<\/div>\n\t\t\t\t<div class=\"elementor-element elementor-element-84cb180 elementor-widget elementor-widget-text-editor\" data-id=\"84cb180\" data-element_type=\"widget\" data-e-type=\"widget\" data-widget_type=\"text-editor.default\">\n\t\t\t\t\t\t\t\t\t<h4>ul. Pijarska 40, 05-530 G\u00f3ra Kalwaria<\/h4>\t\t\t\t\t\t\t\t<\/div>\n\t\t\t\t<\/div>\n\t\t<div class=\"elementor-element elementor-element-33bd5629 e-con-full e-flex e-con e-child\" data-id=\"33bd5629\" data-element_type=\"container\" data-e-type=\"container\">\n\t\t\t\t<div class=\"elementor-element elementor-element-dc96d25 elementor-widget elementor-widget-heading\" data-id=\"dc96d25\" data-element_type=\"widget\" data-e-type=\"widget\" data-widget_type=\"heading.default\">\n\t\t\t\t\t<h5 class=\"elementor-heading-title elementor-size-default\"><a href=\"tel:+48227567322\">tel. 22 756 73 22<\/a>\n<br><a href=\"mailto:ops@gorakalwaria.pl\">E-mail: ops@gorakalwaria.pl<\/a>\n\n<br>\nO\u015brodek czynny od poniedzia\u0142ku do pi\u0105tku od 8:00 do 16:00<\/h5>\t\t\t\t<\/div>\n\t\t\t\t<\/div>\n\t\t\t\t<\/div>\n\t\t<div class=\"elementor-element elementor-element-4a6fd4b e-flex e-con-boxed e-con e-parent\" data-id=\"4a6fd4b\" data-element_type=\"container\" data-e-type=\"container\">\n\t\t\t\t\t<div class=\"e-con-inner\">\n\t\t\t\t<div class=\"elementor-element elementor-element-2d5ff9d elementor-widget elementor-widget-heading\" data-id=\"2d5ff9d\" data-element_type=\"widget\" data-e-type=\"widget\" data-widget_type=\"heading.default\">\n\t\t\t\t\t<h2 class=\"elementor-heading-title elementor-size-default\">Informacje<\/h2>\t\t\t\t<\/div>\n\t\t\t\t\t<\/div>\n\t\t\t\t<\/div>\n\t\t<div class=\"elementor-element elementor-element-f5412eb e-flex e-con-boxed e-con e-parent\" data-id=\"f5412eb\" data-element_type=\"container\" data-e-type=\"container\">\n\t\t\t\t\t<div class=\"e-con-inner\">\n\t\t\t\t<div class=\"elementor-element elementor-element-f7f84b4 elementor-grid-3 elementor-grid-tablet-2 elementor-grid-mobile-1 elementor-posts--thumbnail-top elementor-card-shadow-yes elementor-posts__hover-gradient load-more-align-center elementor-widget elementor-widget-posts\" data-id=\"f7f84b4\" data-element_type=\"widget\" data-e-type=\"widget\" data-settings=\"{&quot;pagination_type&quot;:&quot;load_more_on_click&quot;,&quot;cards_columns&quot;:&quot;3&quot;,&quot;cards_columns_tablet&quot;:&quot;2&quot;,&quot;cards_columns_mobile&quot;:&quot;1&quot;,&quot;cards_row_gap&quot;:{&quot;unit&quot;:&quot;px&quot;,&quot;size&quot;:35,&quot;sizes&quot;:[]},&quot;cards_row_gap_tablet&quot;:{&quot;unit&quot;:&quot;px&quot;,&quot;size&quot;:&quot;&quot;,&quot;sizes&quot;:[]},&quot;cards_row_gap_mobile&quot;:{&quot;unit&quot;:&quot;px&quot;,&quot;size&quot;:&quot;&quot;,&quot;sizes&quot;:[]},&quot;load_more_spinner&quot;:{&quot;value&quot;:&quot;fas fa-spinner&quot;,&quot;library&quot;:&quot;fa-solid&quot;}}\" data-widget_type=\"posts.cards\">\n\t\t\t\t<div class=\"elementor-widget-container\">\n\t\t\t\t\t\t\t<div class=\"elementor-posts-container elementor-posts elementor-posts--skin-cards elementor-grid\" role=\"list\">\n\t\t\t\t<article class=\"elementor-post elementor-grid-item post-224 post type-post status-publish format-standard has-post-thumbnail hentry category-informacje\" role=\"listitem\">\n\t\t\t<div class=\"elementor-post__card\">\n\t\t\t\t<a class=\"elementor-post__thumbnail__link\" href=\"https:\/\/ops.gorakalwaria.pl\/?p=224\" tabindex=\"-1\" ><div class=\"elementor-post__thumbnail\"><img fetchpriority=\"high\" decoding=\"async\" width=\"1200\" height=\"630\" src=\"https:\/\/ops.gorakalwaria.pl\/wp-content\/uploads\/2026\/03\/posilek.png\" class=\"attachment-full size-full wp-image-238\" alt=\"\" srcset=\"https:\/\/ops.gorakalwaria.pl\/wp-content\/uploads\/2026\/03\/posilek.png 1200w, https:\/\/ops.gorakalwaria.pl\/wp-content\/uploads\/2026\/03\/posilek-300x158.png 300w, https:\/\/ops.gorakalwaria.pl\/wp-content\/uploads\/2026\/03\/posilek-1024x538.png 1024w, https:\/\/ops.gorakalwaria.pl\/wp-content\/uploads\/2026\/03\/posilek-150x79.png 150w, https:\/\/ops.gorakalwaria.pl\/wp-content\/uploads\/2026\/03\/posilek-768x403.png 768w\" sizes=\"(max-width: 1200px) 100vw, 1200px\" \/><\/div><\/a>\n\t\t\t\t<div class=\"elementor-post__badge\">Informacje<\/div>\n\t\t\t\t<div class=\"elementor-post__text\">\n\t\t\t\t<h3 class=\"elementor-post__title\">\n\t\t\t<a href=\"https:\/\/ops.gorakalwaria.pl\/?p=224\" >\n\t\t\t\tProgram &#8221; Posi\u0142ek w szkole i w domu&#8221; na lata 2024-2028\t\t\t<\/a>\n\t\t<\/h3>\n\t\t\t\t<div class=\"elementor-post__excerpt\">\n\t\t\t<p>Program \u201ePosi\u0142ek w szkole i w domu\u201d na lata 2024\u20132028 to rz\u0105dowy program maj\u0105cy na celu zapewnienie wsparcia osobom potrzebuj\u0105cym w zakresie dost\u0119pu do posi\u0142k\u00f3w<\/p>\n\t\t<\/div>\n\t\t\n\t\t<a class=\"elementor-post__read-more\" href=\"https:\/\/ops.gorakalwaria.pl\/?p=224\" aria-label=\"Read more about Program &#8221; Posi\u0142ek w szkole i w domu&#8221; na lata 2024-2028\" tabindex=\"-1\" >\n\t\t\tCzytaj Wi\u0119cej \u00bb\t\t<\/a>\n\n\t\t\t\t<\/div>\n\t\t\t\t<div class=\"elementor-post__meta-data\">\n\t\t\t\t\t<span class=\"elementor-post-author\">\n\t\t\tKamila Korzeniewska\t\t<\/span>\n\t\t\t\t<span class=\"elementor-post-date\">\n\t\t\t25 marca, 2026\t\t<\/span>\n\t\t\t\t<\/div>\n\t\t\t\t\t<\/div>\n\t\t<\/article>\n\t\t\t\t<article class=\"elementor-post elementor-grid-item post-159 post type-post status-publish format-standard has-post-thumbnail hentry category-informacje\" role=\"listitem\">\n\t\t\t<div class=\"elementor-post__card\">\n\t\t\t\t<a class=\"elementor-post__thumbnail__link\" href=\"https:\/\/ops.gorakalwaria.pl\/?p=159\" tabindex=\"-1\" ><div class=\"elementor-post__thumbnail\"><img decoding=\"async\" width=\"940\" height=\"788\" src=\"https:\/\/ops.gorakalwaria.pl\/wp-content\/uploads\/2026\/02\/OPieka-Wytchnienowa.png\" class=\"attachment-full size-full wp-image-234\" alt=\"\" srcset=\"https:\/\/ops.gorakalwaria.pl\/wp-content\/uploads\/2026\/02\/OPieka-Wytchnienowa.png 940w, https:\/\/ops.gorakalwaria.pl\/wp-content\/uploads\/2026\/02\/OPieka-Wytchnienowa-300x251.png 300w, https:\/\/ops.gorakalwaria.pl\/wp-content\/uploads\/2026\/02\/OPieka-Wytchnienowa-150x126.png 150w, https:\/\/ops.gorakalwaria.pl\/wp-content\/uploads\/2026\/02\/OPieka-Wytchnienowa-768x644.png 768w\" sizes=\"(max-width: 940px) 100vw, 940px\" \/><\/div><\/a>\n\t\t\t\t<div class=\"elementor-post__badge\">Informacje<\/div>\n\t\t\t\t<div class=\"elementor-post__text\">\n\t\t\t\t<h3 class=\"elementor-post__title\">\n\t\t\t<a href=\"https:\/\/ops.gorakalwaria.pl\/?p=159\" >\n\t\t\t\tOpieka Wytchnieniowa dla JST edycja 2026r.\t\t\t<\/a>\n\t\t<\/h3>\n\t\t\t\t<div class=\"elementor-post__excerpt\">\n\t\t\t<p>Gmina G\u00f3ra Kalwaria ponownie w\u0142\u0105cza si\u0119 w realizacj\u0119 resortowego Programu Ministra Rodziny i Polityki Spo\u0142ecznej \u201eOpieka wytchnieniowa\u201d &#8211; edycja 2026, finansowanego z Funduszu Solidarno\u015bciowego. Za<\/p>\n\t\t<\/div>\n\t\t\n\t\t<a class=\"elementor-post__read-more\" href=\"https:\/\/ops.gorakalwaria.pl\/?p=159\" aria-label=\"Read more about Opieka Wytchnieniowa dla JST edycja 2026r.\" tabindex=\"-1\" >\n\t\t\tCzytaj Wi\u0119cej \u00bb\t\t<\/a>\n\n\t\t\t\t<\/div>\n\t\t\t\t<div class=\"elementor-post__meta-data\">\n\t\t\t\t\t<span class=\"elementor-post-author\">\n\t\t\tKamila Korzeniewska\t\t<\/span>\n\t\t\t\t<span class=\"elementor-post-date\">\n\t\t\t20 lutego, 2026\t\t<\/span>\n\t\t\t\t<\/div>\n\t\t\t\t\t<\/div>\n\t\t<\/article>\n\t\t\t\t<article class=\"elementor-post elementor-grid-item post-138 post type-post status-publish format-standard has-post-thumbnail hentry category-informacje\" role=\"listitem\">\n\t\t\t<div class=\"elementor-post__card\">\n\t\t\t\t<a class=\"elementor-post__thumbnail__link\" href=\"https:\/\/ops.gorakalwaria.pl\/?p=138\" tabindex=\"-1\" ><div class=\"elementor-post__thumbnail\"><img decoding=\"async\" width=\"1200\" height=\"630\" src=\"https:\/\/ops.gorakalwaria.pl\/wp-content\/uploads\/2026\/02\/projekt_bez_nazwy_3.png\" class=\"attachment-full size-full wp-image-239\" alt=\"\" srcset=\"https:\/\/ops.gorakalwaria.pl\/wp-content\/uploads\/2026\/02\/projekt_bez_nazwy_3.png 1200w, https:\/\/ops.gorakalwaria.pl\/wp-content\/uploads\/2026\/02\/projekt_bez_nazwy_3-300x158.png 300w, https:\/\/ops.gorakalwaria.pl\/wp-content\/uploads\/2026\/02\/projekt_bez_nazwy_3-1024x538.png 1024w, https:\/\/ops.gorakalwaria.pl\/wp-content\/uploads\/2026\/02\/projekt_bez_nazwy_3-150x79.png 150w, https:\/\/ops.gorakalwaria.pl\/wp-content\/uploads\/2026\/02\/projekt_bez_nazwy_3-768x403.png 768w\" sizes=\"(max-width: 1200px) 100vw, 1200px\" \/><\/div><\/a>\n\t\t\t\t<div class=\"elementor-post__badge\">Informacje<\/div>\n\t\t\t\t<div class=\"elementor-post__text\">\n\t\t\t\t<h3 class=\"elementor-post__title\">\n\t\t\t<a href=\"https:\/\/ops.gorakalwaria.pl\/?p=138\" >\n\t\t\t\tFundusze Europejskie na Pomoc \u017bywno\u015bciow\u0105 2021-2027(FEP\u017b)\t\t\t<\/a>\n\t\t<\/h3>\n\t\t\t\t<div class=\"elementor-post__excerpt\">\n\t\t\t<p>O\u00a0G \u0141 O\u00a0S Z\u00a0E N I\u00a0E\u00a0 dotycz\u0105ce pomocy \u017cywno\u015bciowej w ramach\u00a0Programu Fundusze Europejskie na\u00a0Pomoc \u017bywno\u015bciow\u0105\u00a0 2021-2027(FEP\u017b)\u00a0 wsp\u00f3\u0142finansowanego z\u00a0Europejskiego Funduszu Spo\u0142ecznego \u2013 Podprogram 2025. \u00a0\u00a0\u00a0\u00a0\u00a0\u00a0\u00a0\u00a0\u00a0\u00a0\u00a0\u00a0\u00a0\u00a0\u00a0\u00a0\u00a0\u00a0O\u015brodek Pomocy<\/p>\n\t\t<\/div>\n\t\t\n\t\t<a class=\"elementor-post__read-more\" href=\"https:\/\/ops.gorakalwaria.pl\/?p=138\" aria-label=\"Read more about Fundusze Europejskie na Pomoc \u017bywno\u015bciow\u0105 2021-2027(FEP\u017b)\" tabindex=\"-1\" >\n\t\t\tCzytaj Wi\u0119cej \u00bb\t\t<\/a>\n\n\t\t\t\t<\/div>\n\t\t\t\t<div class=\"elementor-post__meta-data\">\n\t\t\t\t\t<span class=\"elementor-post-author\">\n\t\t\tKamila Korzeniewska\t\t<\/span>\n\t\t\t\t<span class=\"elementor-post-date\">\n\t\t\t20 lutego, 2026\t\t<\/span>\n\t\t\t\t<\/div>\n\t\t\t\t\t<\/div>\n\t\t<\/article>\n\t\t\t\t<article class=\"elementor-post elementor-grid-item post-165 post type-post status-publish format-standard has-post-thumbnail hentry category-informacje\" role=\"listitem\">\n\t\t\t<div class=\"elementor-post__card\">\n\t\t\t\t<a class=\"elementor-post__thumbnail__link\" href=\"https:\/\/ops.gorakalwaria.pl\/?p=165\" tabindex=\"-1\" ><div class=\"elementor-post__thumbnail\"><img loading=\"lazy\" decoding=\"async\" width=\"940\" height=\"788\" src=\"https:\/\/ops.gorakalwaria.pl\/wp-content\/uploads\/2026\/01\/warsztaty_umiejetnosci_wychowawczych_1.png\" class=\"attachment-full size-full wp-image-249\" alt=\"\" srcset=\"https:\/\/ops.gorakalwaria.pl\/wp-content\/uploads\/2026\/01\/warsztaty_umiejetnosci_wychowawczych_1.png 940w, https:\/\/ops.gorakalwaria.pl\/wp-content\/uploads\/2026\/01\/warsztaty_umiejetnosci_wychowawczych_1-300x251.png 300w, https:\/\/ops.gorakalwaria.pl\/wp-content\/uploads\/2026\/01\/warsztaty_umiejetnosci_wychowawczych_1-150x126.png 150w, https:\/\/ops.gorakalwaria.pl\/wp-content\/uploads\/2026\/01\/warsztaty_umiejetnosci_wychowawczych_1-768x644.png 768w\" sizes=\"(max-width: 940px) 100vw, 940px\" \/><\/div><\/a>\n\t\t\t\t<div class=\"elementor-post__badge\">Informacje<\/div>\n\t\t\t\t<div class=\"elementor-post__text\">\n\t\t\t\t<h3 class=\"elementor-post__title\">\n\t\t\t<a href=\"https:\/\/ops.gorakalwaria.pl\/?p=165\" >\n\t\t\t\tBezp\u0142atne Warsztaty Umiej\u0119tno\u015bci Wychowawczych\t\t\t<\/a>\n\t\t<\/h3>\n\t\t\t\t<div class=\"elementor-post__excerpt\">\n\t\t\t<p>?\u00a0RUSZAJ\u0104 ZAPISY NA WARSZTATY DLA RODZIC\u00d3W!\u00a0?\u200d?\u200d?\u200d? Zapraszamy na\u00a0Warsztaty \u201eSZKO\u0141A DLA RODZIC\u00d3W I WYCHOWAWC\u00d3W\u201d \u2013 cz\u0119\u015b\u0107 I (dzieci 0\u201312 lat)To cykl spotka\u0144 dla rodzic\u00f3w, kt\u00f3rzy chc\u0105<\/p>\n\t\t<\/div>\n\t\t\n\t\t<a class=\"elementor-post__read-more\" href=\"https:\/\/ops.gorakalwaria.pl\/?p=165\" aria-label=\"Read more about Bezp\u0142atne Warsztaty Umiej\u0119tno\u015bci Wychowawczych\" tabindex=\"-1\" >\n\t\t\tCzytaj Wi\u0119cej \u00bb\t\t<\/a>\n\n\t\t\t\t<\/div>\n\t\t\t\t<div class=\"elementor-post__meta-data\">\n\t\t\t\t\t<span class=\"elementor-post-author\">\n\t\t\tKamila Korzeniewska\t\t<\/span>\n\t\t\t\t<span class=\"elementor-post-date\">\n\t\t\t19 stycznia, 2026\t\t<\/span>\n\t\t\t\t<\/div>\n\t\t\t\t\t<\/div>\n\t\t<\/article>\n\t\t\t\t<article class=\"elementor-post elementor-grid-item post-737 post type-post status-publish format-standard has-post-thumbnail hentry category-informacje\" role=\"listitem\">\n\t\t\t<div class=\"elementor-post__card\">\n\t\t\t\t<a class=\"elementor-post__thumbnail__link\" href=\"https:\/\/ops.gorakalwaria.pl\/?p=737\" tabindex=\"-1\" ><div class=\"elementor-post__thumbnail\"><img loading=\"lazy\" decoding=\"async\" width=\"1920\" height=\"1280\" src=\"https:\/\/ops.gorakalwaria.pl\/wp-content\/uploads\/2026\/04\/tablica__fundusz_60x40_2.pdf.png\" class=\"attachment-full size-full wp-image-467\" alt=\"\" srcset=\"https:\/\/ops.gorakalwaria.pl\/wp-content\/uploads\/2026\/04\/tablica__fundusz_60x40_2.pdf.png 1920w, https:\/\/ops.gorakalwaria.pl\/wp-content\/uploads\/2026\/04\/tablica__fundusz_60x40_2.pdf-300x200.png 300w, https:\/\/ops.gorakalwaria.pl\/wp-content\/uploads\/2026\/04\/tablica__fundusz_60x40_2.pdf-1024x683.png 1024w, https:\/\/ops.gorakalwaria.pl\/wp-content\/uploads\/2026\/04\/tablica__fundusz_60x40_2.pdf-150x100.png 150w, https:\/\/ops.gorakalwaria.pl\/wp-content\/uploads\/2026\/04\/tablica__fundusz_60x40_2.pdf-768x512.png 768w, https:\/\/ops.gorakalwaria.pl\/wp-content\/uploads\/2026\/04\/tablica__fundusz_60x40_2.pdf-1536x1024.png 1536w\" sizes=\"(max-width: 1920px) 100vw, 1920px\" \/><\/div><\/a>\n\t\t\t\t<div class=\"elementor-post__badge\">Informacje<\/div>\n\t\t\t\t<div class=\"elementor-post__text\">\n\t\t\t\t<h3 class=\"elementor-post__title\">\n\t\t\t<a href=\"https:\/\/ops.gorakalwaria.pl\/?p=737\" >\n\t\t\t\tProgram Asystent rodziny w 2025 r.\t\t\t<\/a>\n\t\t<\/h3>\n\t\t\t\t<div class=\"elementor-post__excerpt\">\n\t\t\t<p>Program Asystent rodziny w 2025 r.<\/p>\t\t<\/div>\n\t\t\n\t\t<a class=\"elementor-post__read-more\" href=\"https:\/\/ops.gorakalwaria.pl\/?p=737\" aria-label=\"Read more about Program Asystent rodziny w 2025 r.\" tabindex=\"-1\" >\n\t\t\tCzytaj Wi\u0119cej \u00bb\t\t<\/a>\n\n\t\t\t\t<\/div>\n\t\t\t\t<div class=\"elementor-post__meta-data\">\n\t\t\t\t\t<span class=\"elementor-post-author\">\n\t\t\tKamila Korzeniewska\t\t<\/span>\n\t\t\t\t<span class=\"elementor-post-date\">\n\t\t\t7 stycznia, 2026\t\t<\/span>\n\t\t\t\t<\/div>\n\t\t\t\t\t<\/div>\n\t\t<\/article>\n\t\t\t\t<article class=\"elementor-post elementor-grid-item post-736 post type-post status-publish format-standard has-post-thumbnail hentry category-informacje\" role=\"listitem\">\n\t\t\t<div class=\"elementor-post__card\">\n\t\t\t\t<a class=\"elementor-post__thumbnail__link\" href=\"https:\/\/ops.gorakalwaria.pl\/?p=736\" tabindex=\"-1\" ><div class=\"elementor-post__thumbnail\"><img loading=\"lazy\" decoding=\"async\" width=\"940\" height=\"788\" src=\"https:\/\/ops.gorakalwaria.pl\/wp-content\/uploads\/2026\/04\/dofinansowano_ze_srodkow_budzetu_panstwa_nazwa_programu_lub_dotacji_nazwa_zadania_nazwa_programu_lub_dotacji_nazwa_zadania_1.png\" class=\"attachment-full size-full wp-image-465\" alt=\"\" srcset=\"https:\/\/ops.gorakalwaria.pl\/wp-content\/uploads\/2026\/04\/dofinansowano_ze_srodkow_budzetu_panstwa_nazwa_programu_lub_dotacji_nazwa_zadania_nazwa_programu_lub_dotacji_nazwa_zadania_1.png 940w, https:\/\/ops.gorakalwaria.pl\/wp-content\/uploads\/2026\/04\/dofinansowano_ze_srodkow_budzetu_panstwa_nazwa_programu_lub_dotacji_nazwa_zadania_nazwa_programu_lub_dotacji_nazwa_zadania_1-300x251.png 300w, https:\/\/ops.gorakalwaria.pl\/wp-content\/uploads\/2026\/04\/dofinansowano_ze_srodkow_budzetu_panstwa_nazwa_programu_lub_dotacji_nazwa_zadania_nazwa_programu_lub_dotacji_nazwa_zadania_1-150x126.png 150w, https:\/\/ops.gorakalwaria.pl\/wp-content\/uploads\/2026\/04\/dofinansowano_ze_srodkow_budzetu_panstwa_nazwa_programu_lub_dotacji_nazwa_zadania_nazwa_programu_lub_dotacji_nazwa_zadania_1-768x644.png 768w\" sizes=\"(max-width: 940px) 100vw, 940px\" \/><\/div><\/a>\n\t\t\t\t<div class=\"elementor-post__badge\">Informacje<\/div>\n\t\t\t\t<div class=\"elementor-post__text\">\n\t\t\t\t<h3 class=\"elementor-post__title\">\n\t\t\t<a href=\"https:\/\/ops.gorakalwaria.pl\/?p=736\" >\n\t\t\t\tAsystent osobisty osoby z niepe\u0142nosprawno\u015bci\u0105 \u2013 edycja 2026\t\t\t<\/a>\n\t\t<\/h3>\n\t\t\t\t<div class=\"elementor-post__excerpt\">\n\t\t\t<p>Asystent osobisty osoby z niepe\u0142nosprawno\u015bci\u0105 \u2013 edycja 2026<\/p>\t\t<\/div>\n\t\t\n\t\t<a class=\"elementor-post__read-more\" href=\"https:\/\/ops.gorakalwaria.pl\/?p=736\" aria-label=\"Read more about Asystent osobisty osoby z niepe\u0142nosprawno\u015bci\u0105 \u2013 edycja 2026\" tabindex=\"-1\" >\n\t\t\tCzytaj Wi\u0119cej \u00bb\t\t<\/a>\n\n\t\t\t\t<\/div>\n\t\t\t\t<div class=\"elementor-post__meta-data\">\n\t\t\t\t\t<span class=\"elementor-post-author\">\n\t\t\tKamila Korzeniewska\t\t<\/span>\n\t\t\t\t<span class=\"elementor-post-date\">\n\t\t\t7 stycznia, 2026\t\t<\/span>\n\t\t\t\t<\/div>\n\t\t\t\t\t<\/div>\n\t\t<\/article>\n\t\t\t\t<\/div>\n\t\t\t\t\t<span class=\"e-load-more-spinner\">\n\t\t\t\t<svg aria-hidden=\"true\" class=\"e-font-icon-svg e-fas-spinner\" viewBox=\"0 0 512 512\" xmlns=\"http:\/\/www.w3.org\/2000\/svg\"><path d=\"M304 48c0 26.51-21.49 48-48 48s-48-21.49-48-48 21.49-48 48-48 48 21.49 48 48zm-48 368c-26.51 0-48 21.49-48 48s21.49 48 48 48 48-21.49 48-48-21.49-48-48-48zm208-208c-26.51 0-48 21.49-48 48s21.49 48 48 48 48-21.49 48-48-21.49-48-48-48zM96 256c0-26.51-21.49-48-48-48S0 229.49 0 256s21.49 48 48 48 48-21.49 48-48zm12.922 99.078c-26.51 0-48 21.49-48 48s21.49 48 48 48 48-21.49 48-48c0-26.509-21.491-48-48-48zm294.156 0c-26.51 0-48 21.49-48 48s21.49 48 48 48 48-21.49 48-48c0-26.509-21.49-48-48-48zM108.922 60.922c-26.51 0-48 21.49-48 48s21.49 48 48 48 48-21.49 48-48-21.491-48-48-48z\"><\/path><\/svg>\t\t\t<\/span>\n\t\t\n\t\t\t\t<div class=\"e-load-more-anchor\" data-page=\"1\" data-max-page=\"14\" data-next-page=\"https:\/\/ops.gorakalwaria.pl\/index.php?rest_route=%2Fwp%2Fv2%2Fpages%2F49&#038;paged=2\"><\/div>\n\t\t\t\t<div class=\"elementor-button-wrapper\">\n\t\t\t<a class=\"elementor-button elementor-size-sm\" role=\"button\">\n\t\t\t\t\t\t<span class=\"elementor-button-content-wrapper\">\n\t\t\t\t\t\t\t\t\t<span class=\"elementor-button-text\">Poka\u017c wi\u0119cej <\/span>\n\t\t\t\t\t<\/span>\n\t\t\t\t\t<\/a>\n\t\t<\/div>\n\t\t\t\t<div class=\"e-load-more-message\"><\/div>\n\t\t\t\t\t\t<\/div>\n\t\t\t\t<\/div>\n\t\t\t\t\t<\/div>\n\t\t\t\t<\/div>\n\t\t\t\t<\/div>\n\t\t","protected":false},"excerpt":{"rendered":"<p>O\u015brodek Pomocy Spo\u0142ecznej w G\u00f3rze Kalwarii ul. Pijarska 40, 05-530 G\u00f3ra Kalwaria tel. 22 756 73 22 E-mail: ops@gorakalwaria.pl O\u015brodek czynny od poniedzia\u0142ku do pi\u0105tku od 8:00 do 16:00 Informacje<\/p>\n","protected":false},"author":1,"featured_media":0,"parent":0,"menu_order":0,"comment_status":"closed","ping_status":"closed","template":"elementor_header_footer","meta":{"footnotes":""},"class_list":["post-49","page","type-page","status-publish","hentry"],"_links":{"self":[{"href":"https:\/\/ops.gorakalwaria.pl\/index.php?rest_route=\/wp\/v2\/pages\/49","targetHints":{"allow":["GET"]}}],"collection":[{"href":"https:\/\/ops.gorakalwaria.pl\/index.php?rest_route=\/wp\/v2\/pages"}],"about":[{"href":"https:\/\/ops.gorakalwaria.pl\/index.php?rest_route=\/wp\/v2\/types\/page"}],"author":[{"embeddable":true,"href":"https:\/\/ops.gorakalwaria.pl\/index.php?rest_route=\/wp\/v2\/users\/1"}],"replies":[{"embeddable":true,"href":"https:\/\/ops.gorakalwaria.pl\/index.php?rest_route=%2Fwp%2Fv2%2Fcomments&post=49"}],"version-history":[{"count":29,"href":"https:\/\/ops.gorakalwaria.pl\/index.php?rest_route=\/wp\/v2\/pages\/49\/revisions"}],"predecessor-version":[{"id":1006,"href":"https:\/\/ops.gorakalwaria.pl\/index.php?rest_route=\/wp\/v2\/pages\/49\/revisions\/1006"}],"wp:attachment":[{"href":"https:\/\/ops.gorakalwaria.pl\/index.php?rest_route=%2Fwp%2Fv2%2Fmedia&parent=49"}],"curies":[{"name":"wp","href":"https:\/\/api.w.org\/{rel}","templated":true}]}}