{"id":207,"date":"2026-03-14T13:09:15","date_gmt":"2026-03-14T13:09:15","guid":{"rendered":"https:\/\/ops.gorakalwaria.pl\/?page_id=207"},"modified":"2026-03-14T13:26:04","modified_gmt":"2026-03-14T13:26:04","slug":"kontakt","status":"publish","type":"page","link":"https:\/\/ops.gorakalwaria.pl\/kontakt\/","title":{"rendered":"Kontakt"},"content":{"rendered":"\t\t<div data-elementor-type=\"wp-page\" data-elementor-id=\"207\" class=\"elementor elementor-207\" data-elementor-post-type=\"page\">\n\t\t\t\t<div class=\"elementor-element elementor-element-5637627 e-flex e-con-boxed e-con e-parent\" data-id=\"5637627\" data-element_type=\"container\" data-e-type=\"container\">\n\t\t\t\t\t<div class=\"e-con-inner\">\n\t\t<div class=\"elementor-element elementor-element-0b8ff7c e-con-full e-flex e-con e-child\" data-id=\"0b8ff7c\" data-element_type=\"container\" data-e-type=\"container\">\n\t\t\t\t<div class=\"elementor-element elementor-element-8a1cc6a elementor-widget elementor-widget-text-editor\" data-id=\"8a1cc6a\" data-element_type=\"widget\" data-e-type=\"widget\" data-widget_type=\"text-editor.default\">\n\t\t\t\t\t\t\t\t\t<p style=\"text-align: center;\"><strong>O\u015brodek Pomocy Spo\u0142ecznej w G\u00f3rze Kalwarii<br \/><\/strong><strong>ul. Pijarska 40, 05-530 G\u00f3ra Kalwaria<\/strong><\/p><p>e-mail: ops@gorakalwaria.pl<\/p><p>tel. 22 576 73 22<\/p><p>e-Dor\u0119czenia:\u00a0AE:PL-92712-14924-VTURB-16<\/p><p>ESP:\u00a0E-puap \/OPSGK\/skrytka<\/p><p>Godziny otwarcia: poniedzia\u0142ek &#8211; pi\u0105tek od 8:00 do 16:00<\/p><p><strong>Dyrektor O\u015brodka Pomocy Spo\u0142ecznej<\/strong><br \/>Kamila Korzeniewska<br \/>tel. 22 756 73 22<br \/>e-mail: ops@gorakalwaria.pl<\/p><p><strong>Zast\u0119pca Dyrektor O\u015brodka Pomocy Spo\u0142ecznej<\/strong><br \/>Katarzyna Semeryt<br \/>tel. 22 727 33 36<br \/>e-mail: ksemeryt@gorakalwaria.pl<\/p>\t\t\t\t\t\t\t\t<\/div>\n\t\t\t\t<\/div>\n\t\t<div class=\"elementor-element elementor-element-51e11eb e-con-full e-flex e-con e-child\" data-id=\"51e11eb\" data-element_type=\"container\" data-e-type=\"container\">\n\t\t\t\t<div class=\"elementor-element elementor-element-6000c92 elementor-widget elementor-widget-google_maps\" data-id=\"6000c92\" data-element_type=\"widget\" data-e-type=\"widget\" data-widget_type=\"google_maps.default\">\n\t\t\t\t\t\t\t<div class=\"elementor-custom-embed\">\n\t\t\t<iframe loading=\"lazy\"\n\t\t\t\t\tsrc=\"https:\/\/maps.google.com\/maps?q=O%C5%9Brodek%20Pomocy%20Spo%C5%82ecznej%20w%20G%C3%B3rze%20kalwarii&#038;t=m&#038;z=16&#038;output=embed&#038;iwloc=near\"\n\t\t\t\t\ttitle=\"O\u015brodek Pomocy Spo\u0142ecznej w G\u00f3rze kalwarii\"\n\t\t\t\t\taria-label=\"O\u015brodek Pomocy Spo\u0142ecznej w G\u00f3rze kalwarii\"\n\t\t\t><\/iframe>\n\t\t<\/div>\n\t\t\t\t\t\t<\/div>\n\t\t\t\t<\/div>\n\t\t\t\t\t<\/div>\n\t\t\t\t<\/div>\n\t\t<div class=\"elementor-element elementor-element-2fe34af e-flex e-con-boxed e-con e-parent\" data-id=\"2fe34af\" data-element_type=\"container\" data-e-type=\"container\">\n\t\t\t\t\t<div class=\"e-con-inner\">\n\t\t<div class=\"elementor-element elementor-element-bf17558 e-con-full e-flex e-con e-child\" data-id=\"bf17558\" data-element_type=\"container\" data-e-type=\"container\">\n\t\t\t\t<div class=\"elementor-element elementor-element-b72cb5e elementor-widget elementor-widget-text-editor\" data-id=\"b72cb5e\" data-element_type=\"widget\" data-e-type=\"widget\" data-widget_type=\"text-editor.default\">\n\t\t\t\t\t\t\t\t\t<p class=\"module-contact-subheading\"><strong>Dzia\u0142 Pomocy \u015arodowiskowej<\/strong><br \/>ul. Rtm. Pileckiego 10, 05-530 G\u00f3ra Kalwaria, tel. 22 727 33 36,<br \/>e-mail: ops@gorakalwaria.pl<\/p>\t\t\t\t\t\t\t\t<\/div>\n\t\t\t\t<\/div>\n\t\t<div class=\"elementor-element elementor-element-4cf3118 e-con-full e-flex e-con e-child\" data-id=\"4cf3118\" data-element_type=\"container\" data-e-type=\"container\">\n\t\t\t\t<div class=\"elementor-element elementor-element-d68ff19 elementor-widget elementor-widget-text-editor\" data-id=\"d68ff19\" data-element_type=\"widget\" data-e-type=\"widget\" data-widget_type=\"text-editor.default\">\n\t\t\t\t\t\t\t\t\t<p><strong>Dzia\u0142 \u015awiadcze\u0144 Spo\u0142ecznych<\/strong><br \/>ul. Pijarska 40, 05-530 G\u00f3ra Kalwaria, tel. 22 756 73 22,<br \/>e-mail: ops@gorakalwaria.pl<\/p>\t\t\t\t\t\t\t\t<\/div>\n\t\t\t\t<\/div>\n\t\t\t\t\t<\/div>\n\t\t\t\t<\/div>\n\t\t<div class=\"elementor-element elementor-element-236b9f7 e-flex e-con-boxed e-con e-parent\" data-id=\"236b9f7\" data-element_type=\"container\" data-e-type=\"container\">\n\t\t\t\t\t<div class=\"e-con-inner\">\n\t\t<div class=\"elementor-element elementor-element-e1aa608 e-con-full e-flex e-con e-child\" data-id=\"e1aa608\" data-element_type=\"container\" data-e-type=\"container\">\n\t\t\t\t<div class=\"elementor-element elementor-element-f519a30 elementor-widget elementor-widget-text-editor\" data-id=\"f519a30\" data-element_type=\"widget\" data-e-type=\"widget\" data-widget_type=\"text-editor.default\">\n\t\t\t\t\t\t\t\t\t<p><strong>Klub Senior+ &#8222;WISE\u0141KA&#8221;<\/strong><br \/>ul. Pijarska 40, 05-530 G\u00f3ra Kalwaria, tel. 799 053 309,<br \/>e-mail: klub.senior.wiselka@ops.gorakalwaria.pl<br \/>Kierownik: Aleksandra Bogatek<\/p>\t\t\t\t\t\t\t\t<\/div>\n\t\t\t\t<\/div>\n\t\t<div class=\"elementor-element elementor-element-94b3705 e-con-full e-flex e-con e-child\" data-id=\"94b3705\" data-element_type=\"container\" data-e-type=\"container\">\n\t\t\t\t<div class=\"elementor-element elementor-element-f4935d3 elementor-widget elementor-widget-google_maps\" data-id=\"f4935d3\" data-element_type=\"widget\" data-e-type=\"widget\" data-widget_type=\"google_maps.default\">\n\t\t\t\t\t\t\t<div class=\"elementor-custom-embed\">\n\t\t\t<iframe loading=\"lazy\"\n\t\t\t\t\tsrc=\"https:\/\/maps.google.com\/maps?q=Klub%20Senior%2B%20Wise%C5%82ka%20&#038;t=m&#038;z=16&#038;output=embed&#038;iwloc=near\"\n\t\t\t\t\ttitle=\"Klub Senior+ Wise\u0142ka \"\n\t\t\t\t\taria-label=\"Klub Senior+ Wise\u0142ka \"\n\t\t\t><\/iframe>\n\t\t<\/div>\n\t\t\t\t\t\t<\/div>\n\t\t\t\t<\/div>\n\t\t\t\t\t<\/div>\n\t\t\t\t<\/div>\n\t\t<div class=\"elementor-element elementor-element-abc6380 e-flex e-con-boxed e-con e-parent\" data-id=\"abc6380\" data-element_type=\"container\" data-e-type=\"container\">\n\t\t\t\t\t<div class=\"e-con-inner\">\n\t\t<div class=\"elementor-element elementor-element-21154b0 e-con-full e-flex e-con e-child\" data-id=\"21154b0\" data-element_type=\"container\" data-e-type=\"container\">\n\t\t\t\t<div class=\"elementor-element elementor-element-f876984 elementor-widget elementor-widget-text-editor\" data-id=\"f876984\" data-element_type=\"widget\" data-e-type=\"widget\" data-widget_type=\"text-editor.default\">\n\t\t\t\t\t\t\t\t\t<p><strong>\u015awietlica \u015arodowiskowa<\/strong><br \/>ul. Ksi\u0119dza Sajny 4, 05-530 G\u00f3ra Kalwaria<br \/>Kierownik: Barbara Kociszewska<br \/>e-mail: bkociszewska@ops.gorakalwaria.pl<\/p>\t\t\t\t\t\t\t\t<\/div>\n\t\t\t\t<\/div>\n\t\t<div class=\"elementor-element elementor-element-b85f9a7 e-con-full e-flex e-con e-child\" data-id=\"b85f9a7\" data-element_type=\"container\" data-e-type=\"container\">\n\t\t\t\t<div class=\"elementor-element elementor-element-5b01d5c elementor-widget elementor-widget-google_maps\" data-id=\"5b01d5c\" data-element_type=\"widget\" data-e-type=\"widget\" data-widget_type=\"google_maps.default\">\n\t\t\t\t\t\t\t<div class=\"elementor-custom-embed\">\n\t\t\t<iframe loading=\"lazy\"\n\t\t\t\t\tsrc=\"https:\/\/maps.google.com\/maps?q=%C5%9Awietlica%20%C5%9Arodowiskowa%20w%20G%C3%B3rze%20kalwarii&#038;t=m&#038;z=10&#038;output=embed&#038;iwloc=near\"\n\t\t\t\t\ttitle=\"\u015awietlica \u015arodowiskowa w G\u00f3rze kalwarii\"\n\t\t\t\t\taria-label=\"\u015awietlica \u015arodowiskowa w G\u00f3rze kalwarii\"\n\t\t\t><\/iframe>\n\t\t<\/div>\n\t\t\t\t\t\t<\/div>\n\t\t\t\t<\/div>\n\t\t\t\t\t<\/div>\n\t\t\t\t<\/div>\n\t\t<div class=\"elementor-element elementor-element-5e18e46 e-flex e-con-boxed e-con e-parent\" data-id=\"5e18e46\" data-element_type=\"container\" data-e-type=\"container\">\n\t\t\t\t\t<div class=\"e-con-inner\">\n\t\t\t\t<div class=\"elementor-element elementor-element-8dc2d58 elementor-widget elementor-widget-spacer\" data-id=\"8dc2d58\" data-element_type=\"widget\" data-e-type=\"widget\" data-widget_type=\"spacer.default\">\n\t\t\t\t\t\t\t<div class=\"elementor-spacer\">\n\t\t\t<div class=\"elementor-spacer-inner\"><\/div>\n\t\t<\/div>\n\t\t\t\t\t\t<\/div>\n\t\t\t\t\t<\/div>\n\t\t\t\t<\/div>\n\t\t\t\t<\/div>\n\t\t","protected":false},"excerpt":{"rendered":"<p>O\u015brodek Pomocy Spo\u0142ecznej w G\u00f3rze Kalwariiul. Pijarska 40, 05-530 G\u00f3ra Kalwaria e-mail: ops@gorakalwaria.pl tel. 22 576 73 22 e-Dor\u0119czenia:\u00a0AE:PL-92712-14924-VTURB-16 ESP:\u00a0E-puap \/OPSGK\/skrytka Godziny otwarcia: poniedzia\u0142ek &#8211; pi\u0105tek od 8:00 do 16:00 Dyrektor O\u015brodka Pomocy Spo\u0142ecznejKamila Korzeniewskatel. 22 756 73 22e-mail: ops@gorakalwaria.pl Zast\u0119pca Dyrektor O\u015brodka Pomocy Spo\u0142ecznejKatarzyna Semeryttel. 22 727 33 36e-mail: ksemeryt@gorakalwaria.pl Dzia\u0142 Pomocy \u015arodowiskowejul. Rtm. [&hellip;]<\/p>\n","protected":false},"author":1,"featured_media":0,"parent":0,"menu_order":0,"comment_status":"closed","ping_status":"closed","template":"","meta":{"footnotes":""},"class_list":["post-207","page","type-page","status-publish","hentry"],"_links":{"self":[{"href":"https:\/\/ops.gorakalwaria.pl\/wp-json\/wp\/v2\/pages\/207","targetHints":{"allow":["GET"]}}],"collection":[{"href":"https:\/\/ops.gorakalwaria.pl\/wp-json\/wp\/v2\/pages"}],"about":[{"href":"https:\/\/ops.gorakalwaria.pl\/wp-json\/wp\/v2\/types\/page"}],"author":[{"embeddable":true,"href":"https:\/\/ops.gorakalwaria.pl\/wp-json\/wp\/v2\/users\/1"}],"replies":[{"embeddable":true,"href":"https:\/\/ops.gorakalwaria.pl\/wp-json\/wp\/v2\/comments?post=207"}],"version-history":[{"count":4,"href":"https:\/\/ops.gorakalwaria.pl\/wp-json\/wp\/v2\/pages\/207\/revisions"}],"predecessor-version":[{"id":212,"href":"https:\/\/ops.gorakalwaria.pl\/wp-json\/wp\/v2\/pages\/207\/revisions\/212"}],"wp:attachment":[{"href":"https:\/\/ops.gorakalwaria.pl\/wp-json\/wp\/v2\/media?parent=207"}],"curies":[{"name":"wp","href":"https:\/\/api.w.org\/{rel}","templated":true}]}}