{"id":181,"date":"2026-03-14T12:58:22","date_gmt":"2026-03-14T12:58:22","guid":{"rendered":"https:\/\/ops.gorakalwaria.pl\/?page_id=181"},"modified":"2026-03-14T13:01:15","modified_gmt":"2026-03-14T13:01:15","slug":"opieka-wytchnieniowa","status":"publish","type":"page","link":"https:\/\/ops.gorakalwaria.pl\/opieka-wytchnieniowa\/","title":{"rendered":"Opieka Wytchnieniowa"},"content":{"rendered":"\t\t<div data-elementor-type=\"wp-page\" data-elementor-id=\"181\" class=\"elementor elementor-181\" data-elementor-post-type=\"page\">\n\t\t\t\t<div class=\"elementor-element elementor-element-8133c30 e-flex e-con-boxed e-con e-parent\" data-id=\"8133c30\" data-element_type=\"container\" data-e-type=\"container\">\n\t\t\t\t\t<div class=\"e-con-inner\">\n\t\t\t\t<div class=\"elementor-element elementor-element-be888c0 elementor-widget elementor-widget-text-editor\" data-id=\"be888c0\" data-element_type=\"widget\" data-e-type=\"widget\" data-widget_type=\"text-editor.default\">\n\t\t\t\t\t\t\t\t\t<section class=\"article-text\"><h2>Opieka wytchnieniowa &#8211; edycja 2026<\/h2><h3>Informacje og\u00f3lne<\/h3><p>Program \u201eOpieka wytchnieniowa\u201d dla Jednostek Samorz\u0105du Terytorialnego &#8211; edycja 2026 jest finansowany ze \u015brodk\u00f3w Funduszu Solidarno\u015bciowego<br \/>i realizowany przez Gmin\u0119 G\u00f3ra Kalwaria.<\/p><p>Celem Programu jest wsparcie cz\u0142onk\u00f3w rodzin lub opiekun\u00f3w sprawuj\u0105cych bezpo\u015bredni\u0105 opiek\u0119 nad osobami z niepe\u0142nosprawno\u015bciami poprzez zapewnienie czasowej opieki wytchnieniowej.<\/p><h3>Zasady przyjmowania zg\u0142osze\u0144<\/h3><p>Zg\u0142oszenia do Programu przyjmowane s\u0105 na podstawie Karty zg\u0142oszenia do Programu \u201eOpieka wytchnieniowa\u201d -edycja 2026.<\/p><p>Szczeg\u00f3\u0142owe zasady przyjmowania i rozpatrywania zg\u0142osze\u0144 okre\u015bla realizator Programu zgodnie z obowi\u0105zuj\u0105cymi przepisami i zapisami Programu.<\/p><div>\u00a0<\/div><h3>Koordynator Programu<\/h3><p><strong>Koordynator Programu \u201eOpieka wytchnieniowa\u201d \u2013 edycja 2026<\/strong><br \/>Magdalena Rolska<\/p><ul><li><p><strong>telefon:<\/strong>\u00a0531 644 475<\/p><\/li><li><p><strong>e-mail:<\/strong>\u00a0<a>programy@ops.gorakalwaia.pl<\/a><\/p><\/li><\/ul><div>\u00a0<\/div><h3>Obs\u0142uga Programu &#8211; dane kontaktowe<\/h3><p>Sprawy zwi\u0105zane z przyst\u0105pieniem do Programu oraz jego realizacj\u0105 mo\u017cna za\u0142atwi\u0107:<\/p><p><strong>O\u015brodek Pomocy Spo\u0142ecznej w G\u00f3rze Kalwarii<\/strong><br \/>ul. rtm. W. Pileckiego 10<br \/>05-530 G\u00f3ra Kalwaria<\/p><ul><li><p><strong>godziny pracy:<\/strong>\u00a0od poniedzia\u0142ku do pi\u0105tku, w godz. 8:00\u201316:00<\/p><\/li><li><p><strong>telefon:<\/strong>\u00a0531 644 475<\/p><\/li><li><p><strong>e-mail:<\/strong>\u00a0<a>programy@ops.gorakalwaia.pl<\/a><\/p><\/li><\/ul><div>\u00a0<\/div><h3>Informacje dodatkowe<\/h3><p>Na stronie publikowane s\u0105 r\u00f3wnie\u017c materia\u0142y informacyjne, edukacyjne oraz ewaluacyjne przekazywane przez Biuro Pe\u0142nomocnika Rz\u0105du do Spraw Os\u00f3b Niepe\u0142nosprawnych za po\u015brednictwem Wojewody.<\/p><p>Zach\u0119camy do regularnego \u015bledzenia aktualizacji dotycz\u0105cych realizacji Programu.<\/p><p>\u00a0<\/p><p>\u00a0<\/p><p>\u00a0<\/p><h3>Dokumenty do pobrania<\/h3><p>Poni\u017cej udost\u0119pnione s\u0105 dokumenty obowi\u0105zuj\u0105ce w ramach realizacji Programu:<\/p><ul><li><p><a href=\"https:\/\/ops.gorakalwaria.pl\/wp-content\/uploads\/2026\/03\/programowjstedycja_2026.pdf\" target=\"_blank\" rel=\"noopener\">Program \u201eOpieka wytchnieniowa\u201d &#8211; edycja 2026<\/a><\/p><\/li><li><p><a href=\"https:\/\/ops.gorakalwaria.pl\/wp-content\/uploads\/2026\/03\/zalaczniknr7doprogramuowjst2026_karta_zgloszenia.pdf\" target=\"_blank\" rel=\"noopener\">Karta zg\u0142oszenia do Programu (za\u0142\u0105cznik nr 7)<\/a><\/p><\/li><li><p><a href=\"https:\/\/ops.gorakalwaria.pl\/wp-content\/uploads\/2026\/03\/zalaczniknr8doprogramuowjst2026_karta_realizacji_uslug.pdf\" target=\"_blank\" rel=\"noopener\">Karta realizacji us\u0142ug (za\u0142\u0105cznik nr 8)<\/a><\/p><\/li><\/ul><\/section><section class=\"article-meta\"><\/section>\t\t\t\t\t\t\t\t<\/div>\n\t\t\t\t\t<\/div>\n\t\t\t\t<\/div>\n\t\t\t\t<\/div>\n\t\t","protected":false},"excerpt":{"rendered":"<p>Opieka wytchnieniowa &#8211; edycja 2026 Informacje og\u00f3lne Program \u201eOpieka wytchnieniowa\u201d dla Jednostek Samorz\u0105du Terytorialnego &#8211; edycja 2026 jest finansowany ze \u015brodk\u00f3w Funduszu Solidarno\u015bciowegoi realizowany przez Gmin\u0119 G\u00f3ra Kalwaria. Celem Programu jest wsparcie cz\u0142onk\u00f3w rodzin lub opiekun\u00f3w sprawuj\u0105cych bezpo\u015bredni\u0105 opiek\u0119 nad osobami z niepe\u0142nosprawno\u015bciami poprzez zapewnienie czasowej opieki wytchnieniowej. Zasady przyjmowania zg\u0142osze\u0144 Zg\u0142oszenia do Programu przyjmowane [&hellip;]<\/p>\n","protected":false},"author":1,"featured_media":0,"parent":0,"menu_order":0,"comment_status":"closed","ping_status":"closed","template":"","meta":{"footnotes":""},"class_list":["post-181","page","type-page","status-publish","hentry"],"_links":{"self":[{"href":"https:\/\/ops.gorakalwaria.pl\/wp-json\/wp\/v2\/pages\/181","targetHints":{"allow":["GET"]}}],"collection":[{"href":"https:\/\/ops.gorakalwaria.pl\/wp-json\/wp\/v2\/pages"}],"about":[{"href":"https:\/\/ops.gorakalwaria.pl\/wp-json\/wp\/v2\/types\/page"}],"author":[{"embeddable":true,"href":"https:\/\/ops.gorakalwaria.pl\/wp-json\/wp\/v2\/users\/1"}],"replies":[{"embeddable":true,"href":"https:\/\/ops.gorakalwaria.pl\/wp-json\/wp\/v2\/comments?post=181"}],"version-history":[{"count":4,"href":"https:\/\/ops.gorakalwaria.pl\/wp-json\/wp\/v2\/pages\/181\/revisions"}],"predecessor-version":[{"id":189,"href":"https:\/\/ops.gorakalwaria.pl\/wp-json\/wp\/v2\/pages\/181\/revisions\/189"}],"wp:attachment":[{"href":"https:\/\/ops.gorakalwaria.pl\/wp-json\/wp\/v2\/media?parent=181"}],"curies":[{"name":"wp","href":"https:\/\/api.w.org\/{rel}","templated":true}]}}