{"id":172,"date":"2026-03-14T12:50:29","date_gmt":"2026-03-14T12:50:29","guid":{"rendered":"https:\/\/ops.gorakalwaria.pl\/?page_id=172"},"modified":"2026-04-04T09:03:50","modified_gmt":"2026-04-04T09:03:50","slug":"zespol-interdyscyplinarny","status":"publish","type":"page","link":"https:\/\/ops.gorakalwaria.pl\/zespol-interdyscyplinarny\/","title":{"rendered":"Zesp\u00f3\u0142 Interdyscyplinarny"},"content":{"rendered":"\t\t<div data-elementor-type=\"wp-page\" data-elementor-id=\"172\" class=\"elementor elementor-172\" data-elementor-post-type=\"page\">\n\t\t\t\t<div class=\"elementor-element elementor-element-6934f54 e-flex e-con-boxed e-con e-parent\" data-id=\"6934f54\" data-element_type=\"container\" data-e-type=\"container\">\n\t\t\t\t\t<div class=\"e-con-inner\">\n\t\t\t\t<div class=\"elementor-element elementor-element-687e732 elementor-widget elementor-widget-text-editor\" data-id=\"687e732\" data-element_type=\"widget\" data-e-type=\"widget\" data-widget_type=\"text-editor.default\">\n\t\t\t\t\t\t\t\t\t<p>Na terenie Gminy G\u00f3ra Kalwaria funkcjonuje\u00a0<strong>Zesp\u00f3\u0142 Interdyscyplinarny ds. Przeciwdzia\u0142ania Przemocy Domowej,<\/strong>\u00a0powo\u0142any Zarz\u0105dzeniem Burmistrza Miasta i Gminy G\u00f3ra Kalwaria NR. ORG.0050.196.2023\u00a0 z dnia 21 wrze\u015bnia 2023 r. w kt\u00f3rym okre\u015blony jest sk\u0142ad osobowy Zespo\u0142u oraz rodzaj instytucji reprezentowanych przez poszczeg\u00f3lne osoby.<\/p><p><strong>Siedziba Zespo\u0142u\u00a0<\/strong>mie\u015bci si\u0119 w O\u015brodku Pomocy Spo\u0142ecznej przy ulicy trm. Witolda Pileckiego 10, G\u00f3ra Kalwaria.<\/p><p>G\u0142\u00f3wnym zadaniem Zespo\u0142u zgodnie z ustaw\u0105 z dnia 29 lipca 2005 roku o przeciwdzia\u0142aniu przemocy domowej ( Dz. U. 2021r. poz. 1249 z p\u00f3\u017cn. zm) jest integrowanie i koordynowanie dzia\u0142a\u0144 podmiot\u00f3w, o kt\u00f3rych mowa w artykule 9a ust. 3, oraz specjalist\u00f3w w zakresie przeciwdzia\u0142ania przemocy domowej.<\/p><p>Procedura realizowana jest zgodnie z Rozporz\u0105dzeniem Rady Ministr\u00f3w z dnia 6 wrze\u015bnia 2013 roku w sprawie procedury \u201eNiebieskie Karty\u201d oraz wzor\u00f3w formularzy \u201eNiebieska Karta\u201d.\u00a0<\/p><p>\u00a0<\/p><p>Osoby i rodziny dotkni\u0119te problemem przemocy ze strony najbli\u017cszych\u00a0zapraszamy\u00a0do kontaktu z instytucjami, kt\u00f3re s\u0105 uprawnione zar\u00f3wno do udzielenia niezb\u0119dnej informacji i pomocy jak r\u00f3wnie\u017c maj\u0105 prawo do uruchomienia procedury \u201eNiebieskie Karty\u201d, dzi\u0119ki kt\u00f3rej mo\u017cecie Pa\u0144stwo otrzyma\u0107 wszechstronn\u0105, interdyscyplinarn\u0105 pomoc.<\/p><h4>Instytucje uprawnione do pomocy w ramach procedury \u201eNiebieska Karta\u201d:<\/h4><ol><li><p>Komisariat Policji ul. Stefana Grota Roweckiego 4, G\u00f3ra Kalwaria\u00a0<\/p><\/li><li><p>O\u015brodek Pomocy Spo\u0142ecznej\u00a0 ul. rtm.W. Pileckiego 10, G\u00f3ra Kalwaria<\/p><\/li><li><p>Gminna Komisja Rozwi\u0105zywania Problem\u00f3w Alkoholowych w G\u00f3rze Kalwarii ul. 3 Maja 10, G\u00f3ra Kalwaria ( Urz\u0105d Miasta i Gminy )<\/p><\/li><li><p>Plac\u00f3wki o\u015bwiatowe na terenie Gminy G\u00f3ra Kalwaria (w przypadku gdy przemocy do\u015bwiadcza dziecko w wieku szkolnym lub przedszkolnym).<\/p><\/li><li><p>Plac\u00f3wki ochrony zdrowia (w przypadku gdy osoba pokrzywdzona korzysta z pomocy medycznej mo\u017ce oczekiwa\u0107 zar\u00f3wno za\u0142o\u017cenia \u201eNiebieskie Karty\u201d jak r\u00f3wnie\u017c\u00a0bezp\u0142atnego wydania za\u015bwiadczenia o stanie zdrowia\u00a0(wz\u00f3r okre\u015blony w Rozporz\u0105dzeniu Ministra Zdrowia z dnia 22 pa\u017adziernika 2010), bez konieczno\u015bci wykonywania obdukcji).<\/p><\/li><\/ol>\t\t\t\t\t\t\t\t<\/div>\n\t\t\t\t\t<\/div>\n\t\t\t\t<\/div>\n\t\t<div class=\"elementor-element elementor-element-b97bb41 e-flex e-con-boxed e-con e-parent\" data-id=\"b97bb41\" data-element_type=\"container\" data-e-type=\"container\">\n\t\t\t\t\t<div class=\"e-con-inner\">\n\t\t\t\t<div class=\"elementor-element elementor-element-2c165b8 elementor-widget elementor-widget-image\" data-id=\"2c165b8\" data-element_type=\"widget\" data-e-type=\"widget\" data-widget_type=\"image.default\">\n\t\t\t\t\t\t\t\t\t\t\t\t\t\t\t<img fetchpriority=\"high\" decoding=\"async\" width=\"724\" height=\"1024\" src=\"https:\/\/ops.gorakalwaria.pl\/wp-content\/uploads\/2026\/04\/nie_jestes_sama_\u2013_pomoc_dla_osob_doswiadczajacych_przemocy_domowej-724x1024.png\" class=\"attachment-large size-large wp-image-265\" alt=\"\" srcset=\"https:\/\/ops.gorakalwaria.pl\/wp-content\/uploads\/2026\/04\/nie_jestes_sama_\u2013_pomoc_dla_osob_doswiadczajacych_przemocy_domowej-724x1024.png 724w, https:\/\/ops.gorakalwaria.pl\/wp-content\/uploads\/2026\/04\/nie_jestes_sama_\u2013_pomoc_dla_osob_doswiadczajacych_przemocy_domowej-212x300.png 212w, https:\/\/ops.gorakalwaria.pl\/wp-content\/uploads\/2026\/04\/nie_jestes_sama_\u2013_pomoc_dla_osob_doswiadczajacych_przemocy_domowej-106x150.png 106w, https:\/\/ops.gorakalwaria.pl\/wp-content\/uploads\/2026\/04\/nie_jestes_sama_\u2013_pomoc_dla_osob_doswiadczajacych_przemocy_domowej.png 764w\" sizes=\"(max-width: 724px) 100vw, 724px\" \/>\t\t\t\t\t\t\t\t\t\t\t\t\t\t\t<\/div>\n\t\t\t\t\t<\/div>\n\t\t\t\t<\/div>\n\t\t\t\t<\/div>\n\t\t","protected":false},"excerpt":{"rendered":"<p>Na terenie Gminy G\u00f3ra Kalwaria funkcjonuje\u00a0Zesp\u00f3\u0142 Interdyscyplinarny ds. Przeciwdzia\u0142ania Przemocy Domowej,\u00a0powo\u0142any Zarz\u0105dzeniem Burmistrza Miasta i Gminy G\u00f3ra Kalwaria NR. ORG.0050.196.2023\u00a0 z dnia 21 wrze\u015bnia 2023 r. w kt\u00f3rym okre\u015blony jest sk\u0142ad osobowy Zespo\u0142u oraz rodzaj instytucji reprezentowanych przez poszczeg\u00f3lne osoby. Siedziba Zespo\u0142u\u00a0mie\u015bci si\u0119 w O\u015brodku Pomocy Spo\u0142ecznej przy ulicy trm. Witolda Pileckiego 10, G\u00f3ra Kalwaria. [&hellip;]<\/p>\n","protected":false},"author":1,"featured_media":0,"parent":0,"menu_order":0,"comment_status":"closed","ping_status":"closed","template":"","meta":{"footnotes":""},"class_list":["post-172","page","type-page","status-publish","hentry"],"_links":{"self":[{"href":"https:\/\/ops.gorakalwaria.pl\/wp-json\/wp\/v2\/pages\/172","targetHints":{"allow":["GET"]}}],"collection":[{"href":"https:\/\/ops.gorakalwaria.pl\/wp-json\/wp\/v2\/pages"}],"about":[{"href":"https:\/\/ops.gorakalwaria.pl\/wp-json\/wp\/v2\/types\/page"}],"author":[{"embeddable":true,"href":"https:\/\/ops.gorakalwaria.pl\/wp-json\/wp\/v2\/users\/1"}],"replies":[{"embeddable":true,"href":"https:\/\/ops.gorakalwaria.pl\/wp-json\/wp\/v2\/comments?post=172"}],"version-history":[{"count":7,"href":"https:\/\/ops.gorakalwaria.pl\/wp-json\/wp\/v2\/pages\/172\/revisions"}],"predecessor-version":[{"id":268,"href":"https:\/\/ops.gorakalwaria.pl\/wp-json\/wp\/v2\/pages\/172\/revisions\/268"}],"wp:attachment":[{"href":"https:\/\/ops.gorakalwaria.pl\/wp-json\/wp\/v2\/media?parent=172"}],"curies":[{"name":"wp","href":"https:\/\/api.w.org\/{rel}","templated":true}]}}